{"id":10551,"date":"2023-06-26T09:36:37","date_gmt":"2023-06-26T07:36:37","guid":{"rendered":"https:\/\/kath-akademie-bayern.de\/?page_id=10551"},"modified":"2024-09-25T08:04:02","modified_gmt":"2024-09-25T06:04:02","slug":"spenden","status":"publish","type":"page","link":"https:\/\/kath-akademie-bayern.de\/en\/akademie\/spenden\/","title":{"rendered":"Donations for knowledge"},"content":{"rendered":"<div data-elementor-type=\"wp-page\" data-elementor-id=\"10551\" class=\"elementor elementor-10551\" data-elementor-post-type=\"page\">\n\t\t\t\t<div class=\"elementor-element elementor-element-f48ca64 e-flex e-con-boxed e-con e-parent\" data-id=\"f48ca64\" data-element_type=\"container\" data-e-type=\"container\" data-settings=\"{&quot;background_background&quot;:&quot;classic&quot;}\">\n\t\t\t\t\t<div class=\"e-con-inner\">\n\t\t<div class=\"elementor-element elementor-element-046b956 e-con-full e-flex e-con e-child\" data-id=\"046b956\" data-element_type=\"container\" data-e-type=\"container\">\n\t\t\t\t<div class=\"elementor-element elementor-element-26fb64e elementor-extension-display-condition-disabled elementor-widget elementor-widget-heading\" data-id=\"26fb64e\" data-element_type=\"widget\" data-e-type=\"widget\" data-widget_type=\"heading.default\">\n\t\t\t\t<div class=\"elementor-widget-container\">\n\t\t\t\t\t<h2 class=\"elementor-heading-title elementor-size-default\">Your donation <br>for the Catholic Academy<\/h2>\t\t\t\t<\/div>\n\t\t\t\t<\/div>\n\t\t\t\t<div class=\"elementor-element elementor-element-fc9a8a5 elementor-extension-display-condition-disabled elementor-widget elementor-widget-text-editor\" data-id=\"fc9a8a5\" data-element_type=\"widget\" data-e-type=\"widget\" data-widget_type=\"text-editor.default\">\n\t\t\t\t<div class=\"elementor-widget-container\">\n\t\t\t\t\t\t\t\t\t<p>Our Association of Friends and Patrons directly supports the work of the Academy. This support has become an increasingly important pillar of the Academy's funding and thus its independence. Thank you, dear friends and patrons!<\/p><p>But one-off donations also make a valuable contribution to the independence of the Academy's work.<\/p><p><strong>What does your donation do?<\/strong><\/p><p>With us, access to evening events is free of charge. Actually, we should charge fifteen euros for lecture events, twenty for cultural events and thirty for vernissages. With your donation you make it possible that our educational offers can continue to be free of charge.<\/p><p>If you would like to support us in the long term, please also consider becoming a member of our Friends and Patrons Association.<\/p><p><strong>Your donation arrives!<\/strong><\/p><p>In order to guarantee the proper use of your donations, our accounts are checked annually by independent auditors.<\/p><p>Good to know: If you make a charitable donation within two years of the inheritance, you do not pay inheritance tax on it.<\/p><p><strong>The Friends and Benefactors bank details for your donation:<\/strong><\/p><p>HypoVereinsbank Munich<br \/>IBAN: DE04 7002 0270 5804 0584 10<br \/>BIC: HYVEDEMMXXX<\/p>\t\t\t\t\t\t\t\t<\/div>\n\t\t\t\t<\/div>\n\t\t\t\t<\/div>\n\t\t<div class=\"elementor-element elementor-element-6b52dd3 e-con-full e-flex e-con e-child\" data-id=\"6b52dd3\" data-element_type=\"container\" data-e-type=\"container\">\n\t\t\t\t<div class=\"elementor-element elementor-element-02eacc3 elementor-extension-display-condition-disabled elementor-widget elementor-widget-image\" data-id=\"02eacc3\" data-element_type=\"widget\" data-e-type=\"widget\" data-widget_type=\"image.default\">\n\t\t\t\t<div class=\"elementor-widget-container\">\n\t\t\t\t\t\t\t\t\t\t\t\t\t\t\t<img loading=\"lazy\" decoding=\"async\" width=\"1024\" height=\"576\" src=\"https:\/\/kath-akademie-bayern.de\/wp-content\/uploads\/Akademie_Foyereingang_16-9-1024x576.jpg\" class=\"attachment-large size-large wp-image-10445\" alt=\"\" srcset=\"https:\/\/kath-akademie-bayern.de\/wp-content\/uploads\/Akademie_Foyereingang_16-9-1024x576.jpg 1024w, https:\/\/kath-akademie-bayern.de\/wp-content\/uploads\/Akademie_Foyereingang_16-9-1536x864.jpg 1536w, https:\/\/kath-akademie-bayern.de\/wp-content\/uploads\/Akademie_Foyereingang_16-9-18x10.jpg 18w, https:\/\/kath-akademie-bayern.de\/wp-content\/uploads\/Akademie_Foyereingang_16-9-1440x810.jpg 1440w, https:\/\/kath-akademie-bayern.de\/wp-content\/uploads\/Akademie_Foyereingang_16-9-512x288.jpg 512w, https:\/\/kath-akademie-bayern.de\/wp-content\/uploads\/Akademie_Foyereingang_16-9-768x432.jpg 768w, https:\/\/kath-akademie-bayern.de\/wp-content\/uploads\/Akademie_Foyereingang_16-9-2048x1153.jpg 2048w\" sizes=\"auto, (max-width: 1024px) 100vw, 1024px\" \/>\t\t\t\t\t\t\t\t\t\t\t\t\t\t\t<\/div>\n\t\t\t\t<\/div>\n\t\t\t\t<div class=\"elementor-element elementor-element-bc0c79b elementor-extension-display-condition-disabled elementor-widget elementor-widget-image\" data-id=\"bc0c79b\" data-element_type=\"widget\" data-e-type=\"widget\" data-widget_type=\"image.default\">\n\t\t\t\t<div class=\"elementor-widget-container\">\n\t\t\t\t\t\t\t\t\t\t\t\t<figure class=\"wp-caption\">\n\t\t\t\t\t\t\t\t\t\t<img loading=\"lazy\" decoding=\"async\" width=\"300\" height=\"300\" src=\"https:\/\/kath-akademie-bayern.de\/wp-content\/uploads\/Spende_FuG.png\" class=\"attachment-medium size-medium wp-image-91967\" alt=\"\" srcset=\"https:\/\/kath-akademie-bayern.de\/wp-content\/uploads\/Spende_FuG.png 300w, https:\/\/kath-akademie-bayern.de\/wp-content\/uploads\/Spende_FuG-256x256.png 256w, https:\/\/kath-akademie-bayern.de\/wp-content\/uploads\/Spende_FuG-12x12.png 12w\" sizes=\"auto, (max-width: 300px) 100vw, 300px\" \/>\t\t\t\t\t\t\t\t\t\t\t<figcaption class=\"widget-image-caption wp-caption-text\">QR code for online donation<\/figcaption>\n\t\t\t\t\t\t\t\t\t\t<\/figure>\n\t\t\t\t\t\t\t\t\t<\/div>\n\t\t\t\t<\/div>\n\t\t\t\t<\/div>\n\t\t\t\t\t<\/div>\n\t\t\t\t<\/div>\n\t\t\t\t<\/div>","protected":false},"excerpt":{"rendered":"<p>Your donation for the Catholic Academy Our Association of Friends and Benefactors directly supports the work of the Academy. This support has become an increasingly important pillar of the Academy's funding and thus its independence. Thank you, dear friends and patrons! But one-off donations also make a valuable contribution to the...<\/p>","protected":false},"author":2,"featured_media":5134,"parent":14,"menu_order":68,"comment_status":"closed","ping_status":"closed","template":"","meta":{"_relevanssi_hide_post":"","_relevanssi_hide_content":"","_relevanssi_pin_for_all":"","_relevanssi_pin_keywords":"","_relevanssi_unpin_keywords":"","_relevanssi_related_keywords":"","_relevanssi_related_include_ids":"","_relevanssi_related_exclude_ids":"","_relevanssi_related_no_append":"","_relevanssi_related_not_related":"","_relevanssi_related_posts":"","_relevanssi_noindex_reason":"","footnotes":""},"class_list":["post-10551","page","type-page","status-publish","has-post-thumbnail","hentry"],"yoast_head":"<!-- This site is optimized with the Yoast SEO plugin v27.3 - https:\/\/yoast.com\/product\/yoast-seo-wordpress\/ -->\n<title>Spenden f\u00fcr Wissen - Katholische Akademie in Bayern<\/title>\n<meta name=\"robots\" content=\"index, follow, max-snippet:-1, max-image-preview:large, max-video-preview:-1\" \/>\n<link rel=\"canonical\" href=\"https:\/\/kath-akademie-bayern.de\/en\/academy\/donate\/\" \/>\n<meta property=\"og:locale\" content=\"en_GB\" \/>\n<meta property=\"og:type\" content=\"article\" \/>\n<meta property=\"og:title\" content=\"Spenden f\u00fcr Wissen - Katholische Akademie in Bayern\" \/>\n<meta property=\"og:description\" content=\"Ihre Spende f\u00fcr die Katholische Akademie Unser Verein der Freunde und G\u00f6nner f\u00f6rdert die Arbeit der Akademie direkt. Diese Unterst\u00fctzung ist f\u00fcr die Akademie zu einer immer wichtigeren S\u00e4ule ihrer Finanzierung und damit ihrer Unabh\u00e4ngigkeit geworden. Danke, liebe Freundinnen und Freude, liebe G\u00f6nnerinnen und G\u00f6nner! Aber auch einmalige Spenden leisten einen wertvollen Beitrag f\u00fcr die&hellip;\" \/>\n<meta property=\"og:url\" content=\"https:\/\/kath-akademie-bayern.de\/en\/academy\/donate\/\" \/>\n<meta property=\"og:site_name\" content=\"Katholische Akademie in Bayern\" \/>\n<meta property=\"article:publisher\" content=\"https:\/\/www.facebook.com\/katholische.akademie.bayern\/\" \/>\n<meta property=\"article:modified_time\" content=\"2024-09-25T06:04:02+00:00\" \/>\n<meta property=\"og:image\" content=\"https:\/\/kath-akademie-bayern.de\/wp-content\/uploads\/Akademie_Foyereingang-scaled.jpg\" \/>\n\t<meta property=\"og:image:width\" content=\"2560\" \/>\n\t<meta property=\"og:image:height\" content=\"1917\" \/>\n\t<meta property=\"og:image:type\" content=\"image\/jpeg\" \/>\n<meta name=\"twitter:card\" content=\"summary_large_image\" \/>\n<meta name=\"twitter:label1\" content=\"Estimated reading time\" \/>\n\t<meta name=\"twitter:data1\" content=\"2 minutes\" \/>\n<script type=\"application\/ld+json\" class=\"yoast-schema-graph\">{\"@context\":\"https:\\\/\\\/schema.org\",\"@graph\":[{\"@type\":\"WebPage\",\"@id\":\"https:\\\/\\\/kath-akademie-bayern.de\\\/en\\\/academy\\\/donate\\\/\",\"url\":\"https:\\\/\\\/kath-akademie-bayern.de\\\/en\\\/academy\\\/donate\\\/\",\"name\":\"Spenden f\u00fcr Wissen - Katholische Akademie in Bayern\",\"isPartOf\":{\"@id\":\"https:\\\/\\\/kath-akademie-bayern.de\\\/#website\"},\"primaryImageOfPage\":{\"@id\":\"https:\\\/\\\/kath-akademie-bayern.de\\\/en\\\/academy\\\/donate\\\/#primaryimage\"},\"image\":{\"@id\":\"https:\\\/\\\/kath-akademie-bayern.de\\\/en\\\/academy\\\/donate\\\/#primaryimage\"},\"thumbnailUrl\":\"https:\\\/\\\/kath-akademie-bayern.de\\\/wp-content\\\/uploads\\\/Akademie_Foyereingang-scaled.jpg\",\"datePublished\":\"2023-06-26T07:36:37+00:00\",\"dateModified\":\"2024-09-25T06:04:02+00:00\",\"breadcrumb\":{\"@id\":\"https:\\\/\\\/kath-akademie-bayern.de\\\/en\\\/academy\\\/donate\\\/#breadcrumb\"},\"inLanguage\":\"en-GB\",\"potentialAction\":[{\"@type\":\"ReadAction\",\"target\":[\"https:\\\/\\\/kath-akademie-bayern.de\\\/en\\\/academy\\\/donate\\\/\"]}]},{\"@type\":\"ImageObject\",\"inLanguage\":\"en-GB\",\"@id\":\"https:\\\/\\\/kath-akademie-bayern.de\\\/en\\\/academy\\\/donate\\\/#primaryimage\",\"url\":\"https:\\\/\\\/kath-akademie-bayern.de\\\/wp-content\\\/uploads\\\/Akademie_Foyereingang-scaled.jpg\",\"contentUrl\":\"https:\\\/\\\/kath-akademie-bayern.de\\\/wp-content\\\/uploads\\\/Akademie_Foyereingang-scaled.jpg\",\"width\":2560,\"height\":1917},{\"@type\":\"BreadcrumbList\",\"@id\":\"https:\\\/\\\/kath-akademie-bayern.de\\\/en\\\/academy\\\/donate\\\/#breadcrumb\",\"itemListElement\":[{\"@type\":\"ListItem\",\"position\":1,\"name\":\"Startseite\",\"item\":\"https:\\\/\\\/kath-akademie-bayern.de\\\/\"},{\"@type\":\"ListItem\",\"position\":2,\"name\":\"Akademie\",\"item\":\"https:\\\/\\\/kath-akademie-bayern.de\\\/akademie\\\/\"},{\"@type\":\"ListItem\",\"position\":3,\"name\":\"Spenden f\u00fcr Wissen\"}]},{\"@type\":\"WebSite\",\"@id\":\"https:\\\/\\\/kath-akademie-bayern.de\\\/#website\",\"url\":\"https:\\\/\\\/kath-akademie-bayern.de\\\/\",\"name\":\"Katholische Akademie in Bayern\",\"description\":\"Kirche braucht Debatte: \u201ekatholisch\u201c mit Blick auf das Ganze \u2013 und \u201eakademisch\u201c im Vertrauen auf die Kraft der Argumente\",\"publisher\":{\"@id\":\"https:\\\/\\\/kath-akademie-bayern.de\\\/#organization\"},\"potentialAction\":[{\"@type\":\"SearchAction\",\"target\":{\"@type\":\"EntryPoint\",\"urlTemplate\":\"https:\\\/\\\/kath-akademie-bayern.de\\\/?s={search_term_string}\"},\"query-input\":{\"@type\":\"PropertyValueSpecification\",\"valueRequired\":true,\"valueName\":\"search_term_string\"}}],\"inLanguage\":\"en-GB\"},{\"@type\":\"Organization\",\"@id\":\"https:\\\/\\\/kath-akademie-bayern.de\\\/#organization\",\"name\":\"Katholische Akademie in Bayern\",\"url\":\"https:\\\/\\\/kath-akademie-bayern.de\\\/\",\"logo\":{\"@type\":\"ImageObject\",\"inLanguage\":\"en-GB\",\"@id\":\"https:\\\/\\\/kath-akademie-bayern.de\\\/#\\\/schema\\\/logo\\\/image\\\/\",\"url\":\"https:\\\/\\\/kath-akademie-bayern.de\\\/wp-content\\\/uploads\\\/Menue-Logo-Home@2x.png\",\"contentUrl\":\"https:\\\/\\\/kath-akademie-bayern.de\\\/wp-content\\\/uploads\\\/Menue-Logo-Home@2x.png\",\"width\":496,\"height\":216,\"caption\":\"Katholische Akademie in Bayern\"},\"image\":{\"@id\":\"https:\\\/\\\/kath-akademie-bayern.de\\\/#\\\/schema\\\/logo\\\/image\\\/\"},\"sameAs\":[\"https:\\\/\\\/www.facebook.com\\\/katholische.akademie.bayern\\\/\"]}]}<\/script>\n<!-- \/ Yoast SEO plugin. -->","yoast_head_json":{"title":"Donations for Knowledge - Katholische Akademie in Bayern","robots":{"index":"index","follow":"follow","max-snippet":"max-snippet:-1","max-image-preview":"max-image-preview:large","max-video-preview":"max-video-preview:-1"},"canonical":"https:\/\/kath-akademie-bayern.de\/en\/academy\/donate\/","og_locale":"en_GB","og_type":"article","og_title":"Spenden f\u00fcr Wissen - Katholische Akademie in Bayern","og_description":"Ihre Spende f\u00fcr die Katholische Akademie Unser Verein der Freunde und G\u00f6nner f\u00f6rdert die Arbeit der Akademie direkt. Diese Unterst\u00fctzung ist f\u00fcr die Akademie zu einer immer wichtigeren S\u00e4ule ihrer Finanzierung und damit ihrer Unabh\u00e4ngigkeit geworden. Danke, liebe Freundinnen und Freude, liebe G\u00f6nnerinnen und G\u00f6nner! Aber auch einmalige Spenden leisten einen wertvollen Beitrag f\u00fcr die&hellip;","og_url":"https:\/\/kath-akademie-bayern.de\/en\/academy\/donate\/","og_site_name":"Katholische Akademie in Bayern","article_publisher":"https:\/\/www.facebook.com\/katholische.akademie.bayern\/","article_modified_time":"2024-09-25T06:04:02+00:00","og_image":[{"width":2560,"height":1917,"url":"https:\/\/kath-akademie-bayern.de\/wp-content\/uploads\/Akademie_Foyereingang-scaled.jpg","type":"image\/jpeg"}],"twitter_card":"summary_large_image","twitter_misc":{"Estimated reading time":"2 minutes"},"schema":{"@context":"https:\/\/schema.org","@graph":[{"@type":"WebPage","@id":"https:\/\/kath-akademie-bayern.de\/en\/academy\/donate\/","url":"https:\/\/kath-akademie-bayern.de\/en\/academy\/donate\/","name":"Donations for Knowledge - Katholische Akademie in Bayern","isPartOf":{"@id":"https:\/\/kath-akademie-bayern.de\/#website"},"primaryImageOfPage":{"@id":"https:\/\/kath-akademie-bayern.de\/en\/academy\/donate\/#primaryimage"},"image":{"@id":"https:\/\/kath-akademie-bayern.de\/en\/academy\/donate\/#primaryimage"},"thumbnailUrl":"https:\/\/kath-akademie-bayern.de\/wp-content\/uploads\/Akademie_Foyereingang-scaled.jpg","datePublished":"2023-06-26T07:36:37+00:00","dateModified":"2024-09-25T06:04:02+00:00","breadcrumb":{"@id":"https:\/\/kath-akademie-bayern.de\/en\/academy\/donate\/#breadcrumb"},"inLanguage":"en-GB","potentialAction":[{"@type":"ReadAction","target":["https:\/\/kath-akademie-bayern.de\/en\/academy\/donate\/"]}]},{"@type":"ImageObject","inLanguage":"en-GB","@id":"https:\/\/kath-akademie-bayern.de\/en\/academy\/donate\/#primaryimage","url":"https:\/\/kath-akademie-bayern.de\/wp-content\/uploads\/Akademie_Foyereingang-scaled.jpg","contentUrl":"https:\/\/kath-akademie-bayern.de\/wp-content\/uploads\/Akademie_Foyereingang-scaled.jpg","width":2560,"height":1917},{"@type":"BreadcrumbList","@id":"https:\/\/kath-akademie-bayern.de\/en\/academy\/donate\/#breadcrumb","itemListElement":[{"@type":"ListItem","position":1,"name":"Startseite","item":"https:\/\/kath-akademie-bayern.de\/"},{"@type":"ListItem","position":2,"name":"Akademie","item":"https:\/\/kath-akademie-bayern.de\/akademie\/"},{"@type":"ListItem","position":3,"name":"Spenden f\u00fcr Wissen"}]},{"@type":"WebSite","@id":"https:\/\/kath-akademie-bayern.de\/#website","url":"https:\/\/kath-akademie-bayern.de\/","name":"Catholic Academy in Bavaria","description":"Church needs debate: \"catholic\" looking at the whole - and \"academic\" trusting in the power of arguments","publisher":{"@id":"https:\/\/kath-akademie-bayern.de\/#organization"},"potentialAction":[{"@type":"SearchAction","target":{"@type":"EntryPoint","urlTemplate":"https:\/\/kath-akademie-bayern.de\/?s={search_term_string}"},"query-input":{"@type":"PropertyValueSpecification","valueRequired":true,"valueName":"search_term_string"}}],"inLanguage":"en-GB"},{"@type":"Organization","@id":"https:\/\/kath-akademie-bayern.de\/#organization","name":"Catholic Academy in Bavaria","url":"https:\/\/kath-akademie-bayern.de\/","logo":{"@type":"ImageObject","inLanguage":"en-GB","@id":"https:\/\/kath-akademie-bayern.de\/#\/schema\/logo\/image\/","url":"https:\/\/kath-akademie-bayern.de\/wp-content\/uploads\/Menue-Logo-Home@2x.png","contentUrl":"https:\/\/kath-akademie-bayern.de\/wp-content\/uploads\/Menue-Logo-Home@2x.png","width":496,"height":216,"caption":"Katholische Akademie in Bayern"},"image":{"@id":"https:\/\/kath-akademie-bayern.de\/#\/schema\/logo\/image\/"},"sameAs":["https:\/\/www.facebook.com\/katholische.akademie.bayern\/"]}]}},"_links":{"self":[{"href":"https:\/\/kath-akademie-bayern.de\/en\/wp-json\/wp\/v2\/pages\/10551","targetHints":{"allow":["GET"]}}],"collection":[{"href":"https:\/\/kath-akademie-bayern.de\/en\/wp-json\/wp\/v2\/pages"}],"about":[{"href":"https:\/\/kath-akademie-bayern.de\/en\/wp-json\/wp\/v2\/types\/page"}],"author":[{"embeddable":true,"href":"https:\/\/kath-akademie-bayern.de\/en\/wp-json\/wp\/v2\/users\/2"}],"replies":[{"embeddable":true,"href":"https:\/\/kath-akademie-bayern.de\/en\/wp-json\/wp\/v2\/comments?post=10551"}],"version-history":[{"count":9,"href":"https:\/\/kath-akademie-bayern.de\/en\/wp-json\/wp\/v2\/pages\/10551\/revisions"}],"predecessor-version":[{"id":91980,"href":"https:\/\/kath-akademie-bayern.de\/en\/wp-json\/wp\/v2\/pages\/10551\/revisions\/91980"}],"up":[{"embeddable":true,"href":"https:\/\/kath-akademie-bayern.de\/en\/wp-json\/wp\/v2\/pages\/14"}],"wp:featuredmedia":[{"embeddable":true,"href":"https:\/\/kath-akademie-bayern.de\/en\/wp-json\/wp\/v2\/media\/5134"}],"wp:attachment":[{"href":"https:\/\/kath-akademie-bayern.de\/en\/wp-json\/wp\/v2\/media?parent=10551"}],"curies":[{"name":"wp","href":"https:\/\/api.w.org\/{rel}","templated":true}]}}