{"id":34140,"date":"2023-09-22T17:23:49","date_gmt":"2023-09-22T15:23:49","guid":{"rendered":"https:\/\/kath-akademie-bayern.de\/?page_id=34140"},"modified":"2026-02-09T15:01:04","modified_gmt":"2026-02-09T14:01:04","slug":"barrierefreiheitserklaerung","status":"publish","type":"page","link":"https:\/\/kath-akademie-bayern.de\/en\/barrierefreiheitserklaerung\/","title":{"rendered":"Accessibility declaration"},"content":{"rendered":"<div data-elementor-type=\"wp-page\" data-elementor-id=\"34140\" class=\"elementor elementor-34140\" data-elementor-post-type=\"page\">\n\t\t\t\t<div class=\"elementor-element elementor-element-8fd1737 e-flex e-con-boxed e-con e-parent\" data-id=\"8fd1737\" data-element_type=\"container\" data-e-type=\"container\">\n\t\t\t\t\t<div class=\"e-con-inner\">\n\t\t\t\t<div class=\"elementor-element elementor-element-35a68d6 elementor-extension-display-condition-disabled elementor-widget elementor-widget-text-editor\" data-id=\"35a68d6\" data-element_type=\"widget\" data-e-type=\"widget\" data-widget_type=\"text-editor.default\">\n\t\t\t\t<div class=\"elementor-widget-container\">\n\t\t\t\t\t\t\t\t\t<h1><span style=\"color: #000000;\">Declaration on accessibility<\/span><\/h1><p><span style=\"color: #000000;\">We (Katholische Akademie in Bayern (Kirchliche Stiftung des \u00f6ffentlichen Rechts)) as the website operator endeavour to design the website in accordance with the relevant accessibility regulations. The following legal provisions apply to us:<\/span><\/p><p><span style=\"color: #000000;\">Bavarian Act on Equality, Integration and Participation of People with Disabilities (Bayerisches Behindertengleichstellungsgesetz - BayBGG) and Bavarian Barrier-free Information Technology Ordinance (BayBITV)<\/span><\/p><h3>\u00a0<\/h3><h3><span style=\"color: #000000;\">Website<\/span><\/h3><p><span style=\"color: #000000;\">This accessibility statement applies to the website <a style=\"color: #000000;\" href=\"https:\/\/kath-akademie-bayern.de\/en\/\">https:\/\/www.kath-akademie-bayern.de<\/a>.<\/span><\/p><p>\u00a0<\/p><h3><span style=\"color: #000000;\">Feedback and contact details<\/span><\/h3><p><span style=\"color: #000000;\">Have you noticed any deficiencies in the barrier-free access to content on our website or do you have any comments or questions about barrier-free access? Report<\/span><br \/><span style=\"color: #000000;\">are welcome to contact us at:<\/span><\/p><p><span style=\"color: #000000;\">Mandlstrasse 23<\/span><br \/><span style=\"color: #000000;\">80802 Munich<\/span><\/p><p><span style=\"color: #000000;\">Authorised representative<\/span><br \/><span style=\"color: #000000;\">Director PD Dr Achim Budde<\/span><\/p><p><span style=\"color: #000000;\">Phone 0 89 \/ 38 10 2-0<\/span><br \/><span style=\"color: #000000;\">Fax 0 89\/ 38 10 21 03<\/span><\/p><p><span style=\"color: #000000;\">E-mail<\/span><br \/><span style=\"color: #000000;\"><a style=\"color: #000000;\" href=\"mailto:info@kath-akademie-bayern.de\">info@kath-akademie-bayern.de<\/a><\/span><\/p><p><span style=\"color: #000000;\"><a style=\"color: #000000;\" href=\"https:\/\/kath-akademie-bayern.de\/en\/kontakt\/\">https:\/\/www.kath-akademie-bayern.de\/kontakt<\/a><\/span><\/p><h3>\u00a0<\/h3><h3><span style=\"color: #000000;\">Status of compatibility with the requirements<\/span><\/h3><p><span style=\"color: #000000;\">This website is not fully compliant with the accessibility regulations that apply to us. In detail:<\/span><\/p><h3>\u00a0<\/h3><h3><span style=\"color: #000000;\">Incompatibility with accessibility legislation<\/span><\/h3><p><span style=\"color: #000000;\">The following <\/span><span style=\"color: #000000;\">The contents listed are not in compliance with the relevant legal regulations on accessibility. <\/span><span style=\"color: #000000;\">compatible:<\/span><\/p><p><span style=\"color: #000000;\"><strong>Easy language and sign language<\/strong><\/span><\/p><p><span style=\"color: #000000;\">The observance of easy language should be continuously checked and optimised. In principle, the contents are written in an understandable way.  Sign language is not offered.<\/span><\/p><p><span style=\"color: #000000;\"><strong>Keyboard focus and operability<\/strong><\/span><\/p><p><span style=\"color: #000000;\">Keyboard focus on individual elements of the page is basically given. In principle, the website can be operated via the keyboard. The language change is conditionally accessible, as the function is set up via an external plug-in.<\/span><\/p><p><span style=\"color: #000000;\"><strong>Alternative texts for images and for graphics<br \/><\/strong><\/span><br \/><span style=\"color: #000000;\">Eine Grafik, die keine informative Funktion hat, ben\u00f6tigt keinen Alternativtext. Grafiken ohne informative Funktion sind zum Beispiel Abstandshalter, Farbfl\u00e4chen, Muster oder rein dekorative Fotos. Solche Grafiken sollen mit einem leeren alt-Attribut (alt=&#8220;&#8220;) ausgezeichnet werden. Diese sind nicht durchgehend gesetzt.<\/span><\/p><p><span style=\"color: #000000;\"><strong>High-contrast colours and typographic uniqueness<\/strong><\/span><\/p><p><span style=\"color: #000000;\">Text passages highlighted in colour increase attention for non-impaired people and indicate that it is a link or similar function. For blind or colour-impaired users, however, this is not self-evident and cannot be easily grasped. For information (text and icons) that is conveyed via colour, the contrast values are sufficiently high. Brightness contrasts meet the specific standards.<\/span><\/p><p><span style=\"color: #000000;\"><strong>Links and PDF documents<\/strong><\/span><\/p><p><span style=\"color: #000000;\">It is important to encourage visitors to grasp the content on the website and to provide orientation. Links to external websites or PDFs that open in a new tab can be a problem. Opening new windows or loading a page can affect the user's orientation. This is especially true for blind and visually impaired people. They may not notice that the context has changed. On the following pages, links do not open in a new window, but the person is directed directly to the external website, so that it is not possible to understand how one landed there or got back to the website. This affects few links.<\/span><\/p><p><span style=\"color: #000000;\">Links and file formats provided on the website should be aptly named and with an indication of differing file formats, and should also be accessible to open and enter. The contents of the PDFs are not fully accessible.<\/span><\/p><h3>\u00a0<\/h3><h3><span style=\"color: #000000;\">Disproportionate burden<\/span><\/h3><p><span style=\"color: #000000;\">The following content is not made available barrier-free because this would lead to a disproportionate burden for us:<\/span><\/p><p><span style=\"color: #000000;\">If the expenses are too high, correspondingly <\/span><span style=\"color: #000000;\">Abw\u00e4gungen stattfinden (siehe Artikel 5 &#8222;Unverh\u00e4ltnism\u00e4\u00dfige Belastung&#8220; der <\/span><span style=\"color: #000000;\">Directive (EU) 2016\/2102).<\/span><\/p><p><span style=\"color: #000000;\">The following areas are implemented on the website, which involve special technical configurations and the conversion to barrier-free use would require considerable effort. This includes all functions that have been integrated into the website by third-party providers.  For example, a map via Google Maps from the provider Google Ireland Limited Gordon House as well as booking options including a calendar function for guest rooms and conferences are implemented.<\/span><\/p><p><span style=\"color: #000000;\">Disproportionate would be the current costs and efforts in relation to the current anticipated benefits and needs for people with, as well as without, limitations. The financial and situational arguments outweigh the own development of the functions mentioned so far.<\/span><\/p><h3>\u00a0<\/h3><h3><span style=\"color: #000000;\">Accessible alternatives<\/span><\/h3><p><span style=\"color: #000000;\">For our non-accessible content, we provide the following <\/span><span style=\"color: #000000;\">accessible alternatives are available:<\/span><\/p><ul><li><span style=\"color: #000000;\">Enlargement: Texts and contents can be enlarged to more than 200%,<\/span><br \/><span style=\"color: #000000;\">to improve readability without losing functionality.<\/span><\/li><li><span style=\"color: #000000;\">The read aloud function can be used due to correct syntax.<\/span><\/li><li><span style=\"color: #000000;\">Keyboard shortcuts help you find your way around the website.<\/span><\/li><li><span style=\"color: #000000;\">Alternative access to information is provided via the navigation on the desktop as well as the <\/span><span style=\"color: #000000;\">mobile version of the website. The navigation elements are consistent and support the <\/span><span style=\"color: #000000;\">understanding where one is and what connections have been opened up. <\/span><span style=\"color: #000000;\">become.<\/span><\/li><\/ul><h3>\u00a0<\/h3><h3><span style=\"color: #000000;\">Evaluation method<\/span><\/h3><p><span style=\"color: #000000;\">The content was created with the help of the \"Google Lighthouse\" tool.<\/span><br \/><span style=\"color: #000000;\">evaluated in terms of contrast values and programming backgrounds. The result of 81% indicates good accessibility. The other criteria were checked using the recognised BITV test (https:\/\/webtest.bitvtest.de). Page elements were tested for their function in order to determine the current state of accessibility.<\/span><\/p><h3>\u00a0<\/h3><h3><span style=\"color: #000000;\">Enforcement proceedings<\/span><\/h3><p><span style=\"color: #000000;\">If you are of the opinion that you are disadvantaged by an insufficiently barrier-free design of our website, you can contact the responsible <\/span><span style=\"color: #000000;\">Enforcement Panel. You can reach them at:<\/span><\/p><p><span style=\"color: #000000;\">State Office for Digitalisation, Broadband and<\/span><br \/><span style=\"color: #000000;\">Surveying IT Service Centre of the Free State of Bavaria Enforcement and<\/span><br \/><span style=\"color: #000000;\">Monitoring Body for Accessible Information Technology<\/span><br \/><span style=\"color: #000000;\">St.-Martin-Strasse 47 <\/span><br \/><span style=\"color: #000000;\">81541 Munich<\/span><\/p><p><span style=\"color: #000000;\">E-mail:<\/span><br \/><span style=\"color: #000000;\"><a style=\"color: #000000;\" href=\"mailto:bitv@bayern.de\">bitv@bayern.de<\/a><\/span><\/p><h3>\u00a0<\/h3><h3><span style=\"color: #000000;\">Preparation of this Accessibility Statement<\/span><\/h3><p><span style=\"color: #000000;\">This declaration was issued on 26.09.2023.<\/span><br \/><span style=\"color: #000000;\">The declaration was last reviewed on 26.09.2023.<\/span><\/p>\t\t\t\t\t\t\t\t<\/div>\n\t\t\t\t<\/div>\n\t\t\t\t\t<\/div>\n\t\t\t\t<\/div>\n\t\t\t\t<\/div>","protected":false},"excerpt":{"rendered":"<p>Erkl\u00e4rung zur Barrierefreiheit Wir (Katholische Akademie in Bayern (Kirchliche Stiftung des \u00f6ffentlichen Rechts)) als Websitebetreiber sind bem\u00fcht, die Website in Einklang mit den einschl\u00e4gigen Vorschriften zur Barrierefreiheit zu gestalten. F\u00fcr uns gelten folgende Rechtsvorschriften: Bayerisches Gesetz zur Gleichstellung, Integration und Teilhabe von Menschen mit Behinderung (Bayerisches Behindertengleichstellungsgesetz \u2013 BayBGG) und Bayerische Barrierefreie Informationstechnik-Verordnung (BayBITV) \u00a0&hellip;<\/p>","protected":false},"author":1,"featured_media":0,"parent":0,"menu_order":26,"comment_status":"closed","ping_status":"closed","template":"","meta":{"_relevanssi_hide_post":"","_relevanssi_hide_content":"","_relevanssi_pin_for_all":"","_relevanssi_pin_keywords":"","_relevanssi_unpin_keywords":"","_relevanssi_related_keywords":"","_relevanssi_related_include_ids":"","_relevanssi_related_exclude_ids":"","_relevanssi_related_no_append":"","_relevanssi_related_not_related":"","_relevanssi_related_posts":"","_relevanssi_noindex_reason":"","footnotes":""},"class_list":["post-34140","page","type-page","status-publish","hentry"],"yoast_head":"<!-- This site is optimized with the Yoast SEO plugin v27.4 - https:\/\/yoast.com\/product\/yoast-seo-wordpress\/ -->\n<title>Barrierefreiheitserkl\u00e4rung - Katholische Akademie in Bayern<\/title>\n<meta name=\"robots\" content=\"index, follow, max-snippet:-1, max-image-preview:large, max-video-preview:-1\" \/>\n<link rel=\"canonical\" href=\"https:\/\/kath-akademie-bayern.de\/en\/barrierefreiheitserklaerung\/\" \/>\n<meta property=\"og:locale\" content=\"en_GB\" \/>\n<meta property=\"og:type\" content=\"article\" \/>\n<meta property=\"og:title\" content=\"Barrierefreiheitserkl\u00e4rung - Katholische Akademie in Bayern\" \/>\n<meta property=\"og:description\" content=\"Erkl\u00e4rung zur Barrierefreiheit Wir (Katholische Akademie in Bayern (Kirchliche Stiftung des \u00f6ffentlichen Rechts)) als Websitebetreiber sind bem\u00fcht, die Website in Einklang mit den einschl\u00e4gigen Vorschriften zur Barrierefreiheit zu gestalten. F\u00fcr uns gelten folgende Rechtsvorschriften: Bayerisches Gesetz zur Gleichstellung, Integration und Teilhabe von Menschen mit Behinderung (Bayerisches Behindertengleichstellungsgesetz \u2013 BayBGG) und Bayerische Barrierefreie Informationstechnik-Verordnung (BayBITV) \u00a0&hellip;\" \/>\n<meta property=\"og:url\" content=\"https:\/\/kath-akademie-bayern.de\/en\/barrierefreiheitserklaerung\/\" \/>\n<meta property=\"og:site_name\" content=\"Katholische Akademie in Bayern\" \/>\n<meta property=\"article:publisher\" content=\"https:\/\/www.facebook.com\/katholische.akademie.bayern\/\" \/>\n<meta property=\"article:modified_time\" content=\"2026-02-09T14:01:04+00:00\" \/>\n<meta property=\"og:image\" content=\"https:\/\/kath-akademie-bayern.de\/wp-content\/uploads\/Menue-Logo-Home@2x.png\" \/>\n\t<meta property=\"og:image:width\" content=\"496\" \/>\n\t<meta property=\"og:image:height\" content=\"216\" \/>\n\t<meta property=\"og:image:type\" content=\"image\/png\" \/>\n<meta name=\"twitter:card\" content=\"summary_large_image\" \/>\n<meta name=\"twitter:label1\" content=\"Estimated reading time\" \/>\n\t<meta name=\"twitter:data1\" content=\"5 minutes\" \/>\n<script type=\"application\/ld+json\" class=\"yoast-schema-graph\">{\"@context\":\"https:\\\/\\\/schema.org\",\"@graph\":[{\"@type\":\"WebPage\",\"@id\":\"https:\\\/\\\/kath-akademie-bayern.de\\\/barrierefreiheitserklaerung\\\/\",\"url\":\"https:\\\/\\\/kath-akademie-bayern.de\\\/barrierefreiheitserklaerung\\\/\",\"name\":\"Barrierefreiheitserkl\u00e4rung - Katholische Akademie in Bayern\",\"isPartOf\":{\"@id\":\"https:\\\/\\\/kath-akademie-bayern.de\\\/#website\"},\"datePublished\":\"2023-09-22T15:23:49+00:00\",\"dateModified\":\"2026-02-09T14:01:04+00:00\",\"breadcrumb\":{\"@id\":\"https:\\\/\\\/kath-akademie-bayern.de\\\/barrierefreiheitserklaerung\\\/#breadcrumb\"},\"inLanguage\":\"en-GB\",\"potentialAction\":[{\"@type\":\"ReadAction\",\"target\":[\"https:\\\/\\\/kath-akademie-bayern.de\\\/barrierefreiheitserklaerung\\\/\"]}]},{\"@type\":\"BreadcrumbList\",\"@id\":\"https:\\\/\\\/kath-akademie-bayern.de\\\/barrierefreiheitserklaerung\\\/#breadcrumb\",\"itemListElement\":[{\"@type\":\"ListItem\",\"position\":1,\"name\":\"Startseite\",\"item\":\"https:\\\/\\\/kath-akademie-bayern.de\\\/\"},{\"@type\":\"ListItem\",\"position\":2,\"name\":\"Barrierefreiheitserkl\u00e4rung\"}]},{\"@type\":\"WebSite\",\"@id\":\"https:\\\/\\\/kath-akademie-bayern.de\\\/#website\",\"url\":\"https:\\\/\\\/kath-akademie-bayern.de\\\/\",\"name\":\"Katholische Akademie in Bayern\",\"description\":\"Kirche braucht Debatte: \u201ekatholisch\u201c mit Blick auf das Ganze \u2013 und \u201eakademisch\u201c im Vertrauen auf die Kraft der Argumente\",\"publisher\":{\"@id\":\"https:\\\/\\\/kath-akademie-bayern.de\\\/#organization\"},\"potentialAction\":[{\"@type\":\"SearchAction\",\"target\":{\"@type\":\"EntryPoint\",\"urlTemplate\":\"https:\\\/\\\/kath-akademie-bayern.de\\\/?s={search_term_string}\"},\"query-input\":{\"@type\":\"PropertyValueSpecification\",\"valueRequired\":true,\"valueName\":\"search_term_string\"}}],\"inLanguage\":\"en-GB\"},{\"@type\":\"Organization\",\"@id\":\"https:\\\/\\\/kath-akademie-bayern.de\\\/#organization\",\"name\":\"Katholische Akademie in Bayern\",\"url\":\"https:\\\/\\\/kath-akademie-bayern.de\\\/\",\"logo\":{\"@type\":\"ImageObject\",\"inLanguage\":\"en-GB\",\"@id\":\"https:\\\/\\\/kath-akademie-bayern.de\\\/#\\\/schema\\\/logo\\\/image\\\/\",\"url\":\"https:\\\/\\\/kath-akademie-bayern.de\\\/wp-content\\\/uploads\\\/Menue-Logo-Home@2x.png\",\"contentUrl\":\"https:\\\/\\\/kath-akademie-bayern.de\\\/wp-content\\\/uploads\\\/Menue-Logo-Home@2x.png\",\"width\":496,\"height\":216,\"caption\":\"Katholische Akademie in Bayern\"},\"image\":{\"@id\":\"https:\\\/\\\/kath-akademie-bayern.de\\\/#\\\/schema\\\/logo\\\/image\\\/\"},\"sameAs\":[\"https:\\\/\\\/www.facebook.com\\\/katholische.akademie.bayern\\\/\"]}]}<\/script>\n<!-- \/ Yoast SEO plugin. -->","yoast_head_json":{"title":"Accessibility Declaration - Catholic Academy in Bavaria","robots":{"index":"index","follow":"follow","max-snippet":"max-snippet:-1","max-image-preview":"max-image-preview:large","max-video-preview":"max-video-preview:-1"},"canonical":"https:\/\/kath-akademie-bayern.de\/en\/barrierefreiheitserklaerung\/","og_locale":"en_GB","og_type":"article","og_title":"Barrierefreiheitserkl\u00e4rung - Katholische Akademie in Bayern","og_description":"Erkl\u00e4rung zur Barrierefreiheit Wir (Katholische Akademie in Bayern (Kirchliche Stiftung des \u00f6ffentlichen Rechts)) als Websitebetreiber sind bem\u00fcht, die Website in Einklang mit den einschl\u00e4gigen Vorschriften zur Barrierefreiheit zu gestalten. F\u00fcr uns gelten folgende Rechtsvorschriften: Bayerisches Gesetz zur Gleichstellung, Integration und Teilhabe von Menschen mit Behinderung (Bayerisches Behindertengleichstellungsgesetz \u2013 BayBGG) und Bayerische Barrierefreie Informationstechnik-Verordnung (BayBITV) \u00a0&hellip;","og_url":"https:\/\/kath-akademie-bayern.de\/en\/barrierefreiheitserklaerung\/","og_site_name":"Katholische Akademie in Bayern","article_publisher":"https:\/\/www.facebook.com\/katholische.akademie.bayern\/","article_modified_time":"2026-02-09T14:01:04+00:00","og_image":[{"width":496,"height":216,"url":"https:\/\/kath-akademie-bayern.de\/wp-content\/uploads\/Menue-Logo-Home@2x.png","type":"image\/png"}],"twitter_card":"summary_large_image","twitter_misc":{"Estimated reading time":"5 minutes"},"schema":{"@context":"https:\/\/schema.org","@graph":[{"@type":"WebPage","@id":"https:\/\/kath-akademie-bayern.de\/barrierefreiheitserklaerung\/","url":"https:\/\/kath-akademie-bayern.de\/barrierefreiheitserklaerung\/","name":"Accessibility Declaration - Catholic Academy in Bavaria","isPartOf":{"@id":"https:\/\/kath-akademie-bayern.de\/#website"},"datePublished":"2023-09-22T15:23:49+00:00","dateModified":"2026-02-09T14:01:04+00:00","breadcrumb":{"@id":"https:\/\/kath-akademie-bayern.de\/barrierefreiheitserklaerung\/#breadcrumb"},"inLanguage":"en-GB","potentialAction":[{"@type":"ReadAction","target":["https:\/\/kath-akademie-bayern.de\/barrierefreiheitserklaerung\/"]}]},{"@type":"BreadcrumbList","@id":"https:\/\/kath-akademie-bayern.de\/barrierefreiheitserklaerung\/#breadcrumb","itemListElement":[{"@type":"ListItem","position":1,"name":"Startseite","item":"https:\/\/kath-akademie-bayern.de\/"},{"@type":"ListItem","position":2,"name":"Barrierefreiheitserkl\u00e4rung"}]},{"@type":"WebSite","@id":"https:\/\/kath-akademie-bayern.de\/#website","url":"https:\/\/kath-akademie-bayern.de\/","name":"Catholic Academy in Bavaria","description":"Church needs debate: \"catholic\" looking at the whole - and \"academic\" trusting in the power of arguments","publisher":{"@id":"https:\/\/kath-akademie-bayern.de\/#organization"},"potentialAction":[{"@type":"SearchAction","target":{"@type":"EntryPoint","urlTemplate":"https:\/\/kath-akademie-bayern.de\/?s={search_term_string}"},"query-input":{"@type":"PropertyValueSpecification","valueRequired":true,"valueName":"search_term_string"}}],"inLanguage":"en-GB"},{"@type":"Organization","@id":"https:\/\/kath-akademie-bayern.de\/#organization","name":"Catholic Academy in Bavaria","url":"https:\/\/kath-akademie-bayern.de\/","logo":{"@type":"ImageObject","inLanguage":"en-GB","@id":"https:\/\/kath-akademie-bayern.de\/#\/schema\/logo\/image\/","url":"https:\/\/kath-akademie-bayern.de\/wp-content\/uploads\/Menue-Logo-Home@2x.png","contentUrl":"https:\/\/kath-akademie-bayern.de\/wp-content\/uploads\/Menue-Logo-Home@2x.png","width":496,"height":216,"caption":"Katholische Akademie in Bayern"},"image":{"@id":"https:\/\/kath-akademie-bayern.de\/#\/schema\/logo\/image\/"},"sameAs":["https:\/\/www.facebook.com\/katholische.akademie.bayern\/"]}]}},"_links":{"self":[{"href":"https:\/\/kath-akademie-bayern.de\/en\/wp-json\/wp\/v2\/pages\/34140","targetHints":{"allow":["GET"]}}],"collection":[{"href":"https:\/\/kath-akademie-bayern.de\/en\/wp-json\/wp\/v2\/pages"}],"about":[{"href":"https:\/\/kath-akademie-bayern.de\/en\/wp-json\/wp\/v2\/types\/page"}],"author":[{"embeddable":true,"href":"https:\/\/kath-akademie-bayern.de\/en\/wp-json\/wp\/v2\/users\/1"}],"replies":[{"embeddable":true,"href":"https:\/\/kath-akademie-bayern.de\/en\/wp-json\/wp\/v2\/comments?post=34140"}],"version-history":[{"count":13,"href":"https:\/\/kath-akademie-bayern.de\/en\/wp-json\/wp\/v2\/pages\/34140\/revisions"}],"predecessor-version":[{"id":118604,"href":"https:\/\/kath-akademie-bayern.de\/en\/wp-json\/wp\/v2\/pages\/34140\/revisions\/118604"}],"wp:attachment":[{"href":"https:\/\/kath-akademie-bayern.de\/en\/wp-json\/wp\/v2\/media?parent=34140"}],"curies":[{"name":"wp","href":"https:\/\/api.w.org\/{rel}","templated":true}]}}