{"id":43,"date":"2023-05-31T14:20:37","date_gmt":"2023-05-31T12:20:37","guid":{"rendered":"https:\/\/kath-akademie-bayern.de\/?page_id=43"},"modified":"2024-03-18T10:03:56","modified_gmt":"2024-03-18T09:03:56","slug":"stellenangebote","status":"publish","type":"page","link":"https:\/\/kath-akademie-bayern.de\/en\/akademie\/stellenangebote\/","title":{"rendered":"Vacancies"},"content":{"rendered":"<div data-elementor-type=\"wp-page\" data-elementor-id=\"43\" class=\"elementor elementor-43\" data-elementor-post-type=\"page\">\n\t\t\t\t\t\t<section class=\"elementor-section elementor-top-section elementor-element elementor-element-2bf514b5 elementor-section-stretched elementor-section-boxed elementor-section-height-default elementor-section-height-default elementor-extension-display-condition-disabled\" data-id=\"2bf514b5\" data-element_type=\"section\" data-e-type=\"section\" data-settings=\"{&quot;stretch_section&quot;:&quot;section-stretched&quot;,&quot;background_background&quot;:&quot;classic&quot;}\">\n\t\t\t\t\t\t<div class=\"elementor-container elementor-column-gap-default\">\n\t\t\t\t\t<div class=\"elementor-column elementor-col-100 elementor-top-column elementor-element elementor-element-b80313b elementor-extension-display-condition-disabled\" data-id=\"b80313b\" data-element_type=\"column\" data-e-type=\"column\">\n\t\t\t<div class=\"elementor-widget-wrap elementor-element-populated\">\n\t\t\t\t\t\t<div class=\"elementor-element elementor-element-e077e43 elementor-extension-display-condition-disabled elementor-widget elementor-widget-shortcode\" data-id=\"e077e43\" data-element_type=\"widget\" data-e-type=\"widget\" data-widget_type=\"shortcode.default\">\n\t\t\t\t<div class=\"elementor-widget-container\">\n\t\t\t\t\t\t\t<div class=\"elementor-shortcode\"><div class='job-offer-accordion'><div class=\"accordion\" id=\"job-offer-accordion\">    <div class=\"accordion-item\">\n        <h2 class=\"accordion-header\" id=\"job-offer-accordion-25797-heading\">\n            <button class=\"accordion-button\" type=\"button\" data-bs-toggle=\"collapse\"\n                    data-bs-target=\"#job-offer-accordion-25797-body\" aria-controls=\"job-offer-accordion-25797-body\"\n                    aria-expanded=\"false\">Mitarbeiter\/Mitarbeiterin im Bereich der Hauswirtschaft (w\/m\/d)<\/button>\n        <\/h2>\n\n        <div id=\"job-offer-accordion-25797-body\" class=\"accordion-collapse collapse\"\n             aria-labelledby=\"job-offer-accordion-25797-heading\"\n             data-bs-parent=\"#job-offer-accordion\">\n\n            <div class=\"accordion-body\">\n                <div class=\"content\">\n                    <p>Wir suchen f\u00fcr unser Tagungszentrum im Herzen von M\u00fcnchen-Schwabing, als Krankheitsvertretung zum n\u00e4chstm\u00f6glichen Zeitpunkt, zun\u00e4chst befristet f\u00fcr ca. 9 Monate einen Mitarbeiter \/ eine Mitarbeiterin im Bereich der Hauswirtschaft (w\/m\/d).<br \/>\n(Besch\u00e4ftigungsumfang mind. 30 Std.\/Woche)<\/p>\n                <\/div>\n\n                                    <div class=\"contact-person\">\n                        <div class=\"contact-head\">\n                            <p class=\"fw-bold mb-0\">Your contact person<\/p>\n                            <p>Susanne Kellner<\/p>\n                        <\/div>\n\n                                                    <div class=\"contact-attributes\">\n                                <p>\n                                    Phone:\n                                    <a href=\"tel:+498938102178\">089 38102-178<\/a>\n                                <\/p>\n                                <p class=\"mb-0\">\n                                    <a href=\"mailto:Susanne.Kellner@kath-akademie-bayern.de\">Email<\/a>\n                                <\/p>\n                            <\/div>\n                                            <\/div>\n                \n                <div>\n                                            <div class=\"elementor-button-primary elementor-widget elementor-widget-button\">\n                            <a class=\"elementor-button elementor-button-link elementor-size-sm\"\n                               href=\"https:\/\/kath-akademie-bayern.de\/en\/?attachment_id=117962\" target=\"_blank\">Download<\/a>\n                        <\/div>\n                    \n                    <div class=\"elementor-button-primary elementor-widget elementor-widget-button\">\n                        <a class=\"elementor-button elementor-button-link elementor-size-sm\"\n                           href=\"https:\/\/kath-akademie-bayern.de\/en\/akademie\/stellenangebote\/bewerbungsformular\/?post-title=Mitarbeiter\/Mitarbeiterin im Bereich der Hauswirtschaft (w\/m\/d)\">Apply here!<\/a>\n                    <\/div>\n                <\/div>\n            <\/div>\n        <\/div>\n    <\/div>\n    <div class=\"accordion-item\">\n        <h2 class=\"accordion-header\" id=\"job-offer-accordion-25548-heading\">\n            <button class=\"accordion-button\" type=\"button\" data-bs-toggle=\"collapse\"\n                    data-bs-target=\"#job-offer-accordion-25548-body\" aria-controls=\"job-offer-accordion-25548-body\"\n                    aria-expanded=\"false\">Your speculative application<\/button>\n        <\/h2>\n\n        <div id=\"job-offer-accordion-25548-body\" class=\"accordion-collapse collapse\"\n             aria-labelledby=\"job-offer-accordion-25548-heading\"\n             data-bs-parent=\"#job-offer-accordion\">\n\n            <div class=\"accordion-body\">\n                <div class=\"content\">\n                    <p>Whether graduates or experienced professionals:<br \/>\nWe are looking forward to passionate talents and offer you new, professional perspectives in a pleasant working atmosphere<\/p>\n                <\/div>\n\n                \n                <div>\n                    \n                    <div class=\"elementor-button-primary elementor-widget elementor-widget-button\">\n                        <a class=\"elementor-button elementor-button-link elementor-size-sm\"\n                           href=\"https:\/\/kath-akademie-bayern.de\/en\/akademie\/stellenangebote\/bewerbungsformular\/?post-title=Ihre Initiativbewerbung\">Apply here!<\/a>\n                    <\/div>\n                <\/div>\n            <\/div>\n        <\/div>\n    <\/div>\n<\/div><\/div><\/div>\n\t\t\t\t\t\t<\/div>\n\t\t\t\t<\/div>\n\t\t\t\t\t<\/div>\n\t\t<\/div>\n\t\t\t\t\t<\/div>\n\t\t<\/section>\n\t\t\t\t<\/div>","protected":false},"excerpt":{"rendered":"","protected":false},"author":1,"featured_media":0,"parent":14,"menu_order":70,"comment_status":"closed","ping_status":"closed","template":"","meta":{"_relevanssi_hide_post":"","_relevanssi_hide_content":"","_relevanssi_pin_for_all":"","_relevanssi_pin_keywords":"","_relevanssi_unpin_keywords":"","_relevanssi_related_keywords":"","_relevanssi_related_include_ids":"","_relevanssi_related_exclude_ids":"","_relevanssi_related_no_append":"","_relevanssi_related_not_related":"","_relevanssi_related_posts":"","_relevanssi_noindex_reason":"","footnotes":""},"class_list":["post-43","page","type-page","status-publish","hentry"],"yoast_head":"<!-- This site is optimized with the Yoast SEO plugin v27.4 - https:\/\/yoast.com\/product\/yoast-seo-wordpress\/ -->\n<title>Stellenangebote - Katholische Akademie in Bayern<\/title>\n<meta name=\"robots\" content=\"index, follow, max-snippet:-1, max-image-preview:large, max-video-preview:-1\" \/>\n<link rel=\"canonical\" href=\"https:\/\/kath-akademie-bayern.de\/en\/akademie\/stellenangebote\/\" \/>\n<meta property=\"og:locale\" content=\"en_GB\" \/>\n<meta property=\"og:type\" content=\"article\" \/>\n<meta property=\"og:title\" content=\"Stellenangebote - Katholische Akademie in Bayern\" \/>\n<meta property=\"og:url\" content=\"https:\/\/kath-akademie-bayern.de\/en\/akademie\/stellenangebote\/\" \/>\n<meta property=\"og:site_name\" content=\"Katholische Akademie in Bayern\" \/>\n<meta property=\"article:publisher\" content=\"https:\/\/www.facebook.com\/katholische.akademie.bayern\/\" \/>\n<meta property=\"article:modified_time\" content=\"2024-03-18T09:03:56+00:00\" \/>\n<meta property=\"og:image\" content=\"https:\/\/kath-akademie-bayern.de\/wp-content\/uploads\/Menue-Logo-Home@2x.png\" \/>\n\t<meta property=\"og:image:width\" content=\"496\" \/>\n\t<meta property=\"og:image:height\" content=\"216\" \/>\n\t<meta property=\"og:image:type\" content=\"image\/png\" \/>\n<meta name=\"twitter:card\" content=\"summary_large_image\" \/>\n<script type=\"application\/ld+json\" class=\"yoast-schema-graph\">{\"@context\":\"https:\\\/\\\/schema.org\",\"@graph\":[{\"@type\":\"WebPage\",\"@id\":\"https:\\\/\\\/kath-akademie-bayern.de\\\/akademie\\\/stellenangebote\\\/\",\"url\":\"https:\\\/\\\/kath-akademie-bayern.de\\\/akademie\\\/stellenangebote\\\/\",\"name\":\"Stellenangebote - Katholische Akademie in Bayern\",\"isPartOf\":{\"@id\":\"https:\\\/\\\/kath-akademie-bayern.de\\\/#website\"},\"datePublished\":\"2023-05-31T12:20:37+00:00\",\"dateModified\":\"2024-03-18T09:03:56+00:00\",\"breadcrumb\":{\"@id\":\"https:\\\/\\\/kath-akademie-bayern.de\\\/akademie\\\/stellenangebote\\\/#breadcrumb\"},\"inLanguage\":\"en-GB\",\"potentialAction\":[{\"@type\":\"ReadAction\",\"target\":[\"https:\\\/\\\/kath-akademie-bayern.de\\\/akademie\\\/stellenangebote\\\/\"]}]},{\"@type\":\"BreadcrumbList\",\"@id\":\"https:\\\/\\\/kath-akademie-bayern.de\\\/akademie\\\/stellenangebote\\\/#breadcrumb\",\"itemListElement\":[{\"@type\":\"ListItem\",\"position\":1,\"name\":\"Startseite\",\"item\":\"https:\\\/\\\/kath-akademie-bayern.de\\\/\"},{\"@type\":\"ListItem\",\"position\":2,\"name\":\"Akademie\",\"item\":\"https:\\\/\\\/kath-akademie-bayern.de\\\/akademie\\\/\"},{\"@type\":\"ListItem\",\"position\":3,\"name\":\"Stellenangebote\"}]},{\"@type\":\"WebSite\",\"@id\":\"https:\\\/\\\/kath-akademie-bayern.de\\\/#website\",\"url\":\"https:\\\/\\\/kath-akademie-bayern.de\\\/\",\"name\":\"Katholische Akademie in Bayern\",\"description\":\"Kirche braucht Debatte: \u201ekatholisch\u201c mit Blick auf das Ganze \u2013 und \u201eakademisch\u201c im Vertrauen auf die Kraft der Argumente\",\"publisher\":{\"@id\":\"https:\\\/\\\/kath-akademie-bayern.de\\\/#organization\"},\"potentialAction\":[{\"@type\":\"SearchAction\",\"target\":{\"@type\":\"EntryPoint\",\"urlTemplate\":\"https:\\\/\\\/kath-akademie-bayern.de\\\/?s={search_term_string}\"},\"query-input\":{\"@type\":\"PropertyValueSpecification\",\"valueRequired\":true,\"valueName\":\"search_term_string\"}}],\"inLanguage\":\"en-GB\"},{\"@type\":\"Organization\",\"@id\":\"https:\\\/\\\/kath-akademie-bayern.de\\\/#organization\",\"name\":\"Katholische Akademie in Bayern\",\"url\":\"https:\\\/\\\/kath-akademie-bayern.de\\\/\",\"logo\":{\"@type\":\"ImageObject\",\"inLanguage\":\"en-GB\",\"@id\":\"https:\\\/\\\/kath-akademie-bayern.de\\\/#\\\/schema\\\/logo\\\/image\\\/\",\"url\":\"https:\\\/\\\/kath-akademie-bayern.de\\\/wp-content\\\/uploads\\\/Menue-Logo-Home@2x.png\",\"contentUrl\":\"https:\\\/\\\/kath-akademie-bayern.de\\\/wp-content\\\/uploads\\\/Menue-Logo-Home@2x.png\",\"width\":496,\"height\":216,\"caption\":\"Katholische Akademie in Bayern\"},\"image\":{\"@id\":\"https:\\\/\\\/kath-akademie-bayern.de\\\/#\\\/schema\\\/logo\\\/image\\\/\"},\"sameAs\":[\"https:\\\/\\\/www.facebook.com\\\/katholische.akademie.bayern\\\/\"]}]}<\/script>\n<!-- \/ Yoast SEO plugin. -->","yoast_head_json":{"title":"Vacancies - Catholic Academy in Bavaria","robots":{"index":"index","follow":"follow","max-snippet":"max-snippet:-1","max-image-preview":"max-image-preview:large","max-video-preview":"max-video-preview:-1"},"canonical":"https:\/\/kath-akademie-bayern.de\/en\/akademie\/stellenangebote\/","og_locale":"en_GB","og_type":"article","og_title":"Stellenangebote - Katholische Akademie in Bayern","og_url":"https:\/\/kath-akademie-bayern.de\/en\/akademie\/stellenangebote\/","og_site_name":"Katholische Akademie in Bayern","article_publisher":"https:\/\/www.facebook.com\/katholische.akademie.bayern\/","article_modified_time":"2024-03-18T09:03:56+00:00","og_image":[{"width":496,"height":216,"url":"https:\/\/kath-akademie-bayern.de\/wp-content\/uploads\/Menue-Logo-Home@2x.png","type":"image\/png"}],"twitter_card":"summary_large_image","schema":{"@context":"https:\/\/schema.org","@graph":[{"@type":"WebPage","@id":"https:\/\/kath-akademie-bayern.de\/akademie\/stellenangebote\/","url":"https:\/\/kath-akademie-bayern.de\/akademie\/stellenangebote\/","name":"Vacancies - Catholic Academy in Bavaria","isPartOf":{"@id":"https:\/\/kath-akademie-bayern.de\/#website"},"datePublished":"2023-05-31T12:20:37+00:00","dateModified":"2024-03-18T09:03:56+00:00","breadcrumb":{"@id":"https:\/\/kath-akademie-bayern.de\/akademie\/stellenangebote\/#breadcrumb"},"inLanguage":"en-GB","potentialAction":[{"@type":"ReadAction","target":["https:\/\/kath-akademie-bayern.de\/akademie\/stellenangebote\/"]}]},{"@type":"BreadcrumbList","@id":"https:\/\/kath-akademie-bayern.de\/akademie\/stellenangebote\/#breadcrumb","itemListElement":[{"@type":"ListItem","position":1,"name":"Startseite","item":"https:\/\/kath-akademie-bayern.de\/"},{"@type":"ListItem","position":2,"name":"Akademie","item":"https:\/\/kath-akademie-bayern.de\/akademie\/"},{"@type":"ListItem","position":3,"name":"Stellenangebote"}]},{"@type":"WebSite","@id":"https:\/\/kath-akademie-bayern.de\/#website","url":"https:\/\/kath-akademie-bayern.de\/","name":"Catholic Academy in Bavaria","description":"Church needs debate: \"catholic\" looking at the whole - and \"academic\" trusting in the power of arguments","publisher":{"@id":"https:\/\/kath-akademie-bayern.de\/#organization"},"potentialAction":[{"@type":"SearchAction","target":{"@type":"EntryPoint","urlTemplate":"https:\/\/kath-akademie-bayern.de\/?s={search_term_string}"},"query-input":{"@type":"PropertyValueSpecification","valueRequired":true,"valueName":"search_term_string"}}],"inLanguage":"en-GB"},{"@type":"Organization","@id":"https:\/\/kath-akademie-bayern.de\/#organization","name":"Catholic Academy in Bavaria","url":"https:\/\/kath-akademie-bayern.de\/","logo":{"@type":"ImageObject","inLanguage":"en-GB","@id":"https:\/\/kath-akademie-bayern.de\/#\/schema\/logo\/image\/","url":"https:\/\/kath-akademie-bayern.de\/wp-content\/uploads\/Menue-Logo-Home@2x.png","contentUrl":"https:\/\/kath-akademie-bayern.de\/wp-content\/uploads\/Menue-Logo-Home@2x.png","width":496,"height":216,"caption":"Katholische Akademie in Bayern"},"image":{"@id":"https:\/\/kath-akademie-bayern.de\/#\/schema\/logo\/image\/"},"sameAs":["https:\/\/www.facebook.com\/katholische.akademie.bayern\/"]}]}},"_links":{"self":[{"href":"https:\/\/kath-akademie-bayern.de\/en\/wp-json\/wp\/v2\/pages\/43","targetHints":{"allow":["GET"]}}],"collection":[{"href":"https:\/\/kath-akademie-bayern.de\/en\/wp-json\/wp\/v2\/pages"}],"about":[{"href":"https:\/\/kath-akademie-bayern.de\/en\/wp-json\/wp\/v2\/types\/page"}],"author":[{"embeddable":true,"href":"https:\/\/kath-akademie-bayern.de\/en\/wp-json\/wp\/v2\/users\/1"}],"replies":[{"embeddable":true,"href":"https:\/\/kath-akademie-bayern.de\/en\/wp-json\/wp\/v2\/comments?post=43"}],"version-history":[{"count":21,"href":"https:\/\/kath-akademie-bayern.de\/en\/wp-json\/wp\/v2\/pages\/43\/revisions"}],"predecessor-version":[{"id":69924,"href":"https:\/\/kath-akademie-bayern.de\/en\/wp-json\/wp\/v2\/pages\/43\/revisions\/69924"}],"up":[{"embeddable":true,"href":"https:\/\/kath-akademie-bayern.de\/en\/wp-json\/wp\/v2\/pages\/14"}],"wp:attachment":[{"href":"https:\/\/kath-akademie-bayern.de\/en\/wp-json\/wp\/v2\/media?parent=43"}],"curies":[{"name":"wp","href":"https:\/\/api.w.org\/{rel}","templated":true}]}}