{"id":6,"date":"2023-05-16T08:57:47","date_gmt":"2023-05-16T08:57:47","guid":{"rendered":"https:\/\/kath-akademie-bayern.de\/?page_id=6"},"modified":"2023-07-20T17:07:10","modified_gmt":"2023-07-20T15:07:10","slug":"impressum","status":"publish","type":"page","link":"https:\/\/kath-akademie-bayern.de\/en\/impressum\/","title":{"rendered":"Imprint"},"content":{"rendered":"<div data-elementor-type=\"wp-page\" data-elementor-id=\"6\" class=\"elementor elementor-6\" data-elementor-post-type=\"page\">\n\t\t\t\t\t\t<section class=\"elementor-section elementor-top-section elementor-element elementor-element-5cf6e906 elementor-section-boxed elementor-section-height-default elementor-section-height-default elementor-extension-display-condition-disabled\" data-id=\"5cf6e906\" data-element_type=\"section\" data-e-type=\"section\">\n\t\t\t\t\t\t<div class=\"elementor-container elementor-column-gap-default\">\n\t\t\t\t\t<div class=\"elementor-column elementor-col-100 elementor-top-column elementor-element elementor-element-17b10f39 elementor-extension-display-condition-disabled\" data-id=\"17b10f39\" data-element_type=\"column\" data-e-type=\"column\">\n\t\t\t<div class=\"elementor-widget-wrap elementor-element-populated\">\n\t\t\t\t\t\t<div class=\"elementor-element elementor-element-1a58623 elementor-extension-display-condition-disabled elementor-widget elementor-widget-heading\" data-id=\"1a58623\" data-element_type=\"widget\" data-e-type=\"widget\" data-widget_type=\"heading.default\">\n\t\t\t\t<div class=\"elementor-widget-container\">\n\t\t\t\t\t<h1 class=\"elementor-heading-title elementor-size-default\">Imprint<\/h1>\t\t\t\t<\/div>\n\t\t\t\t<\/div>\n\t\t\t\t<div class=\"elementor-element elementor-element-743d2bfe elementor-extension-display-condition-disabled elementor-widget elementor-widget-text-editor\" data-id=\"743d2bfe\" data-element_type=\"widget\" data-e-type=\"widget\" data-widget_type=\"text-editor.default\">\n\t\t\t\t<div class=\"elementor-widget-container\">\n\t\t\t\t\t\t\t\t\t<p><b>Catholic Academy in Bavaria<br \/><\/b>(Ecclesiastical foundation under public law)<br \/>Mandlstra\u00dfe 23, 80802 Munich<\/p><p><b>Authorised representative<br \/><\/b>Director PD Dr Achim Budde<\/p><p>Phone 0 89 \/ 38 10 2-0<br \/>Fax 0 89\/ 38 10 21 03<\/p><p><b>E-mail<br \/><\/b><a href=\"mailto:info@kath-akademie-bayern.de\">info@kath-akademie-bayern.de<\/a><\/p><p><b>Web<\/b><br \/><a href=\"https:\/\/kath-akademie-bayern.de\/en\/\" target=\"_blank\" rel=\"noopener\">www.kath-akademie-bayern.de<\/a><\/p><p><b>Copyright<\/b><br \/>\u00a9 Catholic Academy in Bavaria.<br \/>All rights reserved. All content (text, images, graphics, sound, video and animation files as well as their arrangement, etc.) on the website of the Catholic Academy in Bavaria is subject to copyright protection and other protective laws. The legal protection also applies to databases and similar institutions. The contents are freely usable only for the intended retrieval on the Internet. The contents of these websites may not be reproduced, distributed, altered or made accessible to third parties in any form outside the limits of copyright law without the written permission of the Catholic Academy in Bavaria. Some areas of the website of the Catholic Academy in Bavaria also contain images that are subject to the copyright of third parties. Unless otherwise stated, all trademarks on the website of the Catholic Academy in Bavaria are protected by trademark law.<\/p><p style=\"font-size: 19px;\"><span style=\"font-weight: bold;\">Picture credits<\/span><br \/>Unless otherwise stated, the copyrights for the photos are held by Oskar C. Neubauer. <a href=\"http:\/\/www.neubauerphotos.com\" target=\"_blank\" rel=\"noopener\">www.neubauerphotos.com<\/a>. <br \/>The copyrights for the photos of staff and internal events are held by the Catholic Academy in Bavaria.\u00a0<\/p><div><b style=\"font-size: 1.1875rem; background-color: var(--bs-body-bg); text-align: var(--bs-body-text-align);\">Warranty<\/b><\/div><p>All information on this website has been carefully checked. We make every effort to constantly expand and update this information. However, we cannot guarantee the completeness, correctness and up-to-dateness of the information. The Catholic Academy in Bavaria provides this information without any assurance or guarantee of any kind, whether explicit or implicit. The Catholic Academy in Bavaria excludes any liability for damages arising directly or indirectly from the use of this website, insofar as these damages are not based on intent or gross negligence.<\/p><p><b>Notes on links<br \/><\/b>Unser Angebot umfasst Verweise (Links) zu anderen Angeboten im Internet. Die auf den gelinkten Seiten wiedergegebenen Tatsachenbehauptungen und Meinungs\u00e4u\u00dferungen liegen in der alleinigen Verantwortung der jeweiligen Autoren und geben nicht zwingend unsere Meinung wieder. Durch das Urteil vom 12. Mai 1998 &#8222;Haftung f\u00fcr Links&#8220; (312 O 85\/98) hat das Landesgericht Hamburg eindeutig entschieden, dass man durch die Anbringung eines Links die Inhalte der gelinkten Seite ggf. mit zu verantworten hat, also haftbar gemacht werden kann. Dies kann nur dadurch verhindert werden, indem man sich ausdr\u00fccklich von diesen Inhalten distanziert.\u00a0Die Katholische Akademie in Bayern distanziert sich hiermit ausdr\u00fccklich von allen Inhalten s\u00e4mtlicher gelinkter Seiten auf www.kath-akademie-bayern.de und verweisen darauf, dass sie weder Einfluss auf Gestaltung und Inhalte der gelinkten Seiten haben, noch sich diese Inhalte zu eigen machen.<\/p>\t\t\t\t\t\t\t\t<\/div>\n\t\t\t\t<\/div>\n\t\t\t\t\t<\/div>\n\t\t<\/div>\n\t\t\t\t\t<\/div>\n\t\t<\/section>\n\t\t\t\t<\/div>","protected":false},"excerpt":{"rendered":"<p>Imprint Catholic Academy in Bavaria(Church foundation under public law)Mandlstra\u00dfe 23, 80802 Munich Authorised representativeDirector PD Dr. Achim Budde Phone 0 89 \/ 38 10 2-0Telefax 0 89\/ 38 10 21 03 E-Mailinfo@kath-akademie-bayern.de Webwww.kath-akademie-bayern.de Copyright\u00a9 Catholic Academy in BavariaAll rights reserved. All content (text, images, graphics, sound, video and animation files as well as their arrangement etc.) on the website of the Catholic Academy in...<\/p>","protected":false},"author":1,"featured_media":0,"parent":0,"menu_order":76,"comment_status":"closed","ping_status":"closed","template":"","meta":{"_relevanssi_hide_post":"","_relevanssi_hide_content":"","_relevanssi_pin_for_all":"","_relevanssi_pin_keywords":"","_relevanssi_unpin_keywords":"","_relevanssi_related_keywords":"","_relevanssi_related_include_ids":"","_relevanssi_related_exclude_ids":"","_relevanssi_related_no_append":"","_relevanssi_related_not_related":"","_relevanssi_related_posts":"","_relevanssi_noindex_reason":"","footnotes":""},"class_list":["post-6","page","type-page","status-publish","hentry"],"yoast_head":"<!-- This site is optimized with the Yoast SEO plugin v27.4 - https:\/\/yoast.com\/product\/yoast-seo-wordpress\/ -->\n<title>Impressum - Katholische Akademie in Bayern<\/title>\n<meta name=\"robots\" content=\"index, follow, max-snippet:-1, max-image-preview:large, max-video-preview:-1\" \/>\n<link rel=\"canonical\" href=\"https:\/\/kath-akademie-bayern.de\/en\/impressum\/\" \/>\n<meta property=\"og:locale\" content=\"en_GB\" \/>\n<meta property=\"og:type\" content=\"article\" \/>\n<meta property=\"og:title\" content=\"Impressum - Katholische Akademie in Bayern\" \/>\n<meta property=\"og:description\" content=\"Impressum Katholische Akademie in Bayern(Kirchliche Stiftung des \u00f6ffentlichen Rechts)Mandlstra\u00dfe 23, 80802 M\u00fcnchen VertretungsberechtigterDirektor PD Dr. Achim Budde Telefon\u00a00 89 \/ 38 10 2-0Telefax\u00a00 89\/ 38 10 21 03 E-Mailinfo@kath-akademie-bayern.de Webwww.kath-akademie-bayern.de Urheberrecht\u00a9 Katholische Akademie in Bayern.Alle Rechte vorbehalten. Alle Inhalte (Texte, Bilder, Grafiken, Ton-, Video- und Animationsdateien sowie deren Anordnung u.a.) auf der Website der Katholischen&hellip;\" \/>\n<meta property=\"og:url\" content=\"https:\/\/kath-akademie-bayern.de\/en\/impressum\/\" \/>\n<meta property=\"og:site_name\" content=\"Katholische Akademie in Bayern\" \/>\n<meta property=\"article:publisher\" content=\"https:\/\/www.facebook.com\/katholische.akademie.bayern\/\" \/>\n<meta property=\"article:modified_time\" content=\"2023-07-20T15:07:10+00:00\" \/>\n<meta property=\"og:image\" content=\"https:\/\/kath-akademie-bayern.de\/wp-content\/uploads\/Menue-Logo-Home@2x.png\" \/>\n\t<meta property=\"og:image:width\" content=\"496\" \/>\n\t<meta property=\"og:image:height\" content=\"216\" \/>\n\t<meta property=\"og:image:type\" content=\"image\/png\" \/>\n<meta name=\"twitter:card\" content=\"summary_large_image\" \/>\n<meta name=\"twitter:label1\" content=\"Estimated reading time\" \/>\n\t<meta name=\"twitter:data1\" content=\"3 minutes\" \/>\n<script type=\"application\/ld+json\" class=\"yoast-schema-graph\">{\"@context\":\"https:\\\/\\\/schema.org\",\"@graph\":[{\"@type\":\"WebPage\",\"@id\":\"https:\\\/\\\/kath-akademie-bayern.de\\\/impressum\\\/\",\"url\":\"https:\\\/\\\/kath-akademie-bayern.de\\\/impressum\\\/\",\"name\":\"Impressum - Katholische Akademie in Bayern\",\"isPartOf\":{\"@id\":\"https:\\\/\\\/kath-akademie-bayern.de\\\/#website\"},\"datePublished\":\"2023-05-16T08:57:47+00:00\",\"dateModified\":\"2023-07-20T15:07:10+00:00\",\"breadcrumb\":{\"@id\":\"https:\\\/\\\/kath-akademie-bayern.de\\\/impressum\\\/#breadcrumb\"},\"inLanguage\":\"en-GB\",\"potentialAction\":[{\"@type\":\"ReadAction\",\"target\":[\"https:\\\/\\\/kath-akademie-bayern.de\\\/impressum\\\/\"]}]},{\"@type\":\"BreadcrumbList\",\"@id\":\"https:\\\/\\\/kath-akademie-bayern.de\\\/impressum\\\/#breadcrumb\",\"itemListElement\":[{\"@type\":\"ListItem\",\"position\":1,\"name\":\"Startseite\",\"item\":\"https:\\\/\\\/kath-akademie-bayern.de\\\/\"},{\"@type\":\"ListItem\",\"position\":2,\"name\":\"Impressum\"}]},{\"@type\":\"WebSite\",\"@id\":\"https:\\\/\\\/kath-akademie-bayern.de\\\/#website\",\"url\":\"https:\\\/\\\/kath-akademie-bayern.de\\\/\",\"name\":\"Katholische Akademie in Bayern\",\"description\":\"Kirche braucht Debatte: \u201ekatholisch\u201c mit Blick auf das Ganze \u2013 und \u201eakademisch\u201c im Vertrauen auf die Kraft der Argumente\",\"publisher\":{\"@id\":\"https:\\\/\\\/kath-akademie-bayern.de\\\/#organization\"},\"potentialAction\":[{\"@type\":\"SearchAction\",\"target\":{\"@type\":\"EntryPoint\",\"urlTemplate\":\"https:\\\/\\\/kath-akademie-bayern.de\\\/?s={search_term_string}\"},\"query-input\":{\"@type\":\"PropertyValueSpecification\",\"valueRequired\":true,\"valueName\":\"search_term_string\"}}],\"inLanguage\":\"en-GB\"},{\"@type\":\"Organization\",\"@id\":\"https:\\\/\\\/kath-akademie-bayern.de\\\/#organization\",\"name\":\"Katholische Akademie in Bayern\",\"url\":\"https:\\\/\\\/kath-akademie-bayern.de\\\/\",\"logo\":{\"@type\":\"ImageObject\",\"inLanguage\":\"en-GB\",\"@id\":\"https:\\\/\\\/kath-akademie-bayern.de\\\/#\\\/schema\\\/logo\\\/image\\\/\",\"url\":\"https:\\\/\\\/kath-akademie-bayern.de\\\/wp-content\\\/uploads\\\/Menue-Logo-Home@2x.png\",\"contentUrl\":\"https:\\\/\\\/kath-akademie-bayern.de\\\/wp-content\\\/uploads\\\/Menue-Logo-Home@2x.png\",\"width\":496,\"height\":216,\"caption\":\"Katholische Akademie in Bayern\"},\"image\":{\"@id\":\"https:\\\/\\\/kath-akademie-bayern.de\\\/#\\\/schema\\\/logo\\\/image\\\/\"},\"sameAs\":[\"https:\\\/\\\/www.facebook.com\\\/katholische.akademie.bayern\\\/\"]}]}<\/script>\n<!-- \/ Yoast SEO plugin. -->","yoast_head_json":{"title":"Imprint - Catholic Academy in Bavaria","robots":{"index":"index","follow":"follow","max-snippet":"max-snippet:-1","max-image-preview":"max-image-preview:large","max-video-preview":"max-video-preview:-1"},"canonical":"https:\/\/kath-akademie-bayern.de\/en\/impressum\/","og_locale":"en_GB","og_type":"article","og_title":"Impressum - Katholische Akademie in Bayern","og_description":"Impressum Katholische Akademie in Bayern(Kirchliche Stiftung des \u00f6ffentlichen Rechts)Mandlstra\u00dfe 23, 80802 M\u00fcnchen VertretungsberechtigterDirektor PD Dr. Achim Budde Telefon\u00a00 89 \/ 38 10 2-0Telefax\u00a00 89\/ 38 10 21 03 E-Mailinfo@kath-akademie-bayern.de Webwww.kath-akademie-bayern.de Urheberrecht\u00a9 Katholische Akademie in Bayern.Alle Rechte vorbehalten. Alle Inhalte (Texte, Bilder, Grafiken, Ton-, Video- und Animationsdateien sowie deren Anordnung u.a.) auf der Website der Katholischen&hellip;","og_url":"https:\/\/kath-akademie-bayern.de\/en\/impressum\/","og_site_name":"Katholische Akademie in Bayern","article_publisher":"https:\/\/www.facebook.com\/katholische.akademie.bayern\/","article_modified_time":"2023-07-20T15:07:10+00:00","og_image":[{"width":496,"height":216,"url":"https:\/\/kath-akademie-bayern.de\/wp-content\/uploads\/Menue-Logo-Home@2x.png","type":"image\/png"}],"twitter_card":"summary_large_image","twitter_misc":{"Estimated reading time":"3 minutes"},"schema":{"@context":"https:\/\/schema.org","@graph":[{"@type":"WebPage","@id":"https:\/\/kath-akademie-bayern.de\/impressum\/","url":"https:\/\/kath-akademie-bayern.de\/impressum\/","name":"Imprint - Catholic Academy in Bavaria","isPartOf":{"@id":"https:\/\/kath-akademie-bayern.de\/#website"},"datePublished":"2023-05-16T08:57:47+00:00","dateModified":"2023-07-20T15:07:10+00:00","breadcrumb":{"@id":"https:\/\/kath-akademie-bayern.de\/impressum\/#breadcrumb"},"inLanguage":"en-GB","potentialAction":[{"@type":"ReadAction","target":["https:\/\/kath-akademie-bayern.de\/impressum\/"]}]},{"@type":"BreadcrumbList","@id":"https:\/\/kath-akademie-bayern.de\/impressum\/#breadcrumb","itemListElement":[{"@type":"ListItem","position":1,"name":"Startseite","item":"https:\/\/kath-akademie-bayern.de\/"},{"@type":"ListItem","position":2,"name":"Impressum"}]},{"@type":"WebSite","@id":"https:\/\/kath-akademie-bayern.de\/#website","url":"https:\/\/kath-akademie-bayern.de\/","name":"Catholic Academy in Bavaria","description":"Church needs debate: \"catholic\" looking at the whole - and \"academic\" trusting in the power of arguments","publisher":{"@id":"https:\/\/kath-akademie-bayern.de\/#organization"},"potentialAction":[{"@type":"SearchAction","target":{"@type":"EntryPoint","urlTemplate":"https:\/\/kath-akademie-bayern.de\/?s={search_term_string}"},"query-input":{"@type":"PropertyValueSpecification","valueRequired":true,"valueName":"search_term_string"}}],"inLanguage":"en-GB"},{"@type":"Organization","@id":"https:\/\/kath-akademie-bayern.de\/#organization","name":"Catholic Academy in Bavaria","url":"https:\/\/kath-akademie-bayern.de\/","logo":{"@type":"ImageObject","inLanguage":"en-GB","@id":"https:\/\/kath-akademie-bayern.de\/#\/schema\/logo\/image\/","url":"https:\/\/kath-akademie-bayern.de\/wp-content\/uploads\/Menue-Logo-Home@2x.png","contentUrl":"https:\/\/kath-akademie-bayern.de\/wp-content\/uploads\/Menue-Logo-Home@2x.png","width":496,"height":216,"caption":"Katholische Akademie in Bayern"},"image":{"@id":"https:\/\/kath-akademie-bayern.de\/#\/schema\/logo\/image\/"},"sameAs":["https:\/\/www.facebook.com\/katholische.akademie.bayern\/"]}]}},"_links":{"self":[{"href":"https:\/\/kath-akademie-bayern.de\/en\/wp-json\/wp\/v2\/pages\/6","targetHints":{"allow":["GET"]}}],"collection":[{"href":"https:\/\/kath-akademie-bayern.de\/en\/wp-json\/wp\/v2\/pages"}],"about":[{"href":"https:\/\/kath-akademie-bayern.de\/en\/wp-json\/wp\/v2\/types\/page"}],"author":[{"embeddable":true,"href":"https:\/\/kath-akademie-bayern.de\/en\/wp-json\/wp\/v2\/users\/1"}],"replies":[{"embeddable":true,"href":"https:\/\/kath-akademie-bayern.de\/en\/wp-json\/wp\/v2\/comments?post=6"}],"version-history":[{"count":0,"href":"https:\/\/kath-akademie-bayern.de\/en\/wp-json\/wp\/v2\/pages\/6\/revisions"}],"wp:attachment":[{"href":"https:\/\/kath-akademie-bayern.de\/en\/wp-json\/wp\/v2\/media?parent=6"}],"curies":[{"name":"wp","href":"https:\/\/api.w.org\/{rel}","templated":true}]}}