{"id":81026,"date":"2024-06-07T14:56:53","date_gmt":"2024-06-07T12:56:53","guid":{"rendered":"https:\/\/kath-akademie-bayern.de\/?page_id=81026"},"modified":"2026-03-13T11:38:39","modified_gmt":"2026-03-13T10:38:39","slug":"allgemeiner-rat","status":"publish","type":"page","link":"https:\/\/kath-akademie-bayern.de\/en\/akademie\/allgemeiner-rat\/","title":{"rendered":"General Council"},"content":{"rendered":"<div data-elementor-type=\"wp-page\" data-elementor-id=\"81026\" class=\"elementor elementor-81026\" data-elementor-post-type=\"page\">\n\t\t\t\t\t\t<section class=\"elementor-section elementor-top-section elementor-element elementor-element-373f3ff elementor-section-stretched elementor-section-boxed elementor-section-height-default elementor-section-height-default elementor-extension-display-condition-disabled\" data-id=\"373f3ff\" data-element_type=\"section\" data-e-type=\"section\" data-settings=\"{&quot;stretch_section&quot;:&quot;section-stretched&quot;,&quot;background_background&quot;:&quot;classic&quot;}\">\n\t\t\t\t\t\t<div class=\"elementor-container elementor-column-gap-no\">\n\t\t\t\t\t<div class=\"elementor-column elementor-col-100 elementor-top-column elementor-element elementor-element-44a8c0b elementor-extension-display-condition-disabled\" data-id=\"44a8c0b\" data-element_type=\"column\" data-e-type=\"column\">\n\t\t\t<div class=\"elementor-widget-wrap elementor-element-populated\">\n\t\t\t\t<div class=\"elementor-element elementor-element-d2bb61a e-flex e-con-boxed e-con e-parent\" data-id=\"d2bb61a\" data-element_type=\"container\" data-e-type=\"container\" data-settings=\"{&quot;background_background&quot;:&quot;classic&quot;}\">\n\t\t\t\t\t<div class=\"e-con-inner\">\n\t\t<div class=\"elementor-element elementor-element-e38d272 e-con-full e-flex e-con e-child\" data-id=\"e38d272\" data-element_type=\"container\" data-e-type=\"container\" data-settings=\"{&quot;background_background&quot;:&quot;classic&quot;}\">\n\t\t\t\t<div class=\"elementor-element elementor-element-223c482 elementor-extension-display-condition-disabled elementor-widget elementor-widget-heading\" data-id=\"223c482\" data-element_type=\"widget\" data-e-type=\"widget\" data-widget_type=\"heading.default\">\n\t\t\t\t<div class=\"elementor-widget-container\">\n\t\t\t\t\t<h2 class=\"elementor-heading-title elementor-size-default\">Mitglieder des Allgemeinen Rates (2025 bis 2029):<\/h2>\t\t\t\t<\/div>\n\t\t\t\t<\/div>\n\t\t\t\t<div class=\"elementor-element elementor-element-47161d0 elementor-widget__width-initial elementor-extension-display-condition-disabled elementor-widget elementor-widget-text-editor\" data-id=\"47161d0\" data-element_type=\"widget\" data-e-type=\"widget\" data-widget_type=\"text-editor.default\">\n\t\t\t\t<div class=\"elementor-widget-container\">\n\t\t\t\t\t\t\t\t\t<table>\n<tbody>\n<tr>\n<td width=\"397\">\n<p><strong>Katja Auer<\/strong><\/p>\n<\/td>\n<td width=\"555\">\n<p>S\u00fcddeutsche Zeitung, stellvertretende Ressortleiterin M\u00fcnchen, Region, Bayern&nbsp;<\/p>\n<\/td>\n<\/tr>\n<tr>\n<td width=\"397\">\n<p><strong>Prince Ludwig of Bavaria<\/strong><\/p>\n<\/td>\n<td width=\"555\">\n<p>Mitglied Haus Wittelsbach, Entwicklungshelfer Learning Lions&nbsp;<\/p>\n<\/td>\n<\/tr>\n<tr>\n<td width=\"397\">\n<p><strong>Albert Berger<\/strong><\/p>\n<\/td>\n<td width=\"555\">\n<p>Kanzler der Technischen Universit\u00e4t M\u00fcnchen<\/p>\n<\/td>\n<\/tr>\n<tr>\n<td width=\"397\">\n<p><strong>Clemens Bieber<\/strong><\/p>\n<\/td>\n<td width=\"555\">\n<p>Vorsitzender des Caritasverbandes f\u00fcr die Di\u00f6zese W\u00fcrzburg e. V.&nbsp;<\/p>\n<\/td>\n<\/tr>\n<tr>\n<td width=\"397\">\n<p><strong>Dr Gunther B\u00f6s<\/strong><\/p>\n<\/td>\n<td width=\"555\">\n<p>Leiter Change Management bei der AUDI AG&nbsp;<\/p>\n<\/td>\n<\/tr>\n<tr>\n<td width=\"397\">\n<p><strong>Verena Dietl<\/strong><\/p>\n<\/td>\n<td width=\"555\">\n<p>3. B\u00fcrgermeisterin der LH M\u00fcnchen<\/p>\n<\/td>\n<\/tr>\n<tr>\n<td width=\"397\">\n<p><strong>Dr Johannes Eckert OSB<\/strong><\/p>\n<\/td>\n<td width=\"555\">\n<p>Abt der Benediktinerabtei St. Bonifaz<\/p>\n<\/td>\n<\/tr>\n<tr>\n<td width=\"397\">\n<p><strong>Prof Dr Egon Endres<\/strong><\/p>\n<\/td>\n<td width=\"555\">\n<p>Professor f\u00fcr Sozialwissenschaften und Sozialmanagement an der KSH<\/p>\n<\/td>\n<\/tr>\n<tr>\n<td width=\"397\">\n<p><strong>Staatsminister a. D. Georg Fahrenschon<\/strong><\/p>\n<\/td>\n<td width=\"555\">\n<p>WTS Tax AG Vorsitzender des Vereins der Freunde und G\u00f6nner der Katholischen Akademie in Bayern<\/p>\n<\/td>\n<\/tr>\n<tr>\n<td width=\"397\">\n<p><strong>Isolde Fugunt<\/strong><\/p>\n<\/td>\n<td width=\"555\">\n<p>Journalistische Direktorin und Gesch\u00e4ftsf\u00fchrerin der Journalistenschule ifp<\/p>\n<\/td>\n<\/tr>\n<tr>\n<td width=\"397\">\n<p><strong>Sr. Dr. Katharina Ganz OSF<\/strong><\/p>\n<\/td>\n<td width=\"555\">\n<p>ehem. Generaloberin der Oberzeller Franziskanerinnen<\/p>\n<\/td>\n<\/tr>\n<tr>\n<td width=\"397\">\n<p><strong>Prof. Dr. Michaela Geierhos<\/strong><\/p>\n<\/td>\n<td width=\"555\">\n<p>Professorin f\u00fcr Data Science an der Universit\u00e4t der Bundeswehr M\u00fcnchen<\/p>\n<\/td>\n<\/tr>\n<tr>\n<td width=\"397\">\n<p><strong>Pr\u00e4sidentin Prof. Dr. Gabriele Gien<\/strong><\/p>\n<\/td>\n<td width=\"555\">\n<p>Pr\u00e4sidentin der KU Eichst\u00e4tt-Ingolstadt<\/p>\n<\/td>\n<\/tr>\n<tr>\n<td width=\"397\">\n<p><strong>Prof Dr Daniel G\u00f6ler<\/strong><\/p>\n<\/td>\n<td width=\"555\">\n<p>Jean-Monet-Lehrstuhl an der Universit\u00e4t Passau<\/p>\n<\/td>\n<\/tr>\n<tr>\n<td width=\"397\">\n<p><strong>Prof. Dr Wolfgang Heckl<\/strong><\/p>\n<\/td>\n<td width=\"555\">\n<p>Generaldirektor Deutsches Museum a.D. und Emeritus of Excellence, TUM Senior Excellence Faculty&nbsp;<\/p>\n<\/td>\n<\/tr>\n<tr>\n<td width=\"397\">\n<p><strong>Kerstin Heinemann<\/strong><\/p>\n<\/td>\n<td width=\"555\">\n<p>JFF &#8211; Institut f\u00fcr Medienp\u00e4dagogik in Forschung und Praxis<\/p>\n<\/td>\n<\/tr>\n<tr>\n<td width=\"397\">\n<p><strong>Staatsminister Dr. Florian Herrmann<\/strong><\/p>\n<\/td>\n<td width=\"555\">\n<p>Leiter der Bayerischen Staatskanzlei und Staatsminister f\u00fcr Bundesangelegenheiten und Medien<\/p>\n<\/td>\n<\/tr>\n<tr>\n<td width=\"397\">\n<p><strong>Johanna Hofmeir<\/strong><\/p>\n<\/td>\n<td width=\"555\">\n<p>Gr\u00fcnderin und Leiterin des P\u00e4dagogischen Zentrums Lichtblick Hasenbergl&nbsp;<\/p>\n<\/td>\n<\/tr>\n<tr>\n<td width=\"397\">\n<p><strong>Jan Ippen<\/strong><\/p>\n<\/td>\n<td width=\"555\">\n<p>Verleger, Ippen Digital GmbH Co. KG<\/p>\n<\/td>\n<\/tr>\n<tr>\n<td width=\"397\">\n<p><strong>Dr Stefanie Kainzbauer<\/strong><\/p>\n<\/td>\n<td width=\"555\">\n<p>Abteilungsleiterin Profil &amp; Entwicklung (Caritas Unterfranken), system. Coach f\u00fcr F\u00fchrungskr\u00e4fte- und Teamentwicklung&nbsp;<\/p>\n<\/td>\n<\/tr>\n<tr>\n<td width=\"397\">\n<p><strong>Ursula Calf<\/strong><\/p>\n<\/td>\n<td width=\"555\">\n<p>Verantwortliche der Gemeinschaft Sant&#8217;Egidio M\u00fcnchen&nbsp;<\/p>\n<\/td>\n<\/tr>\n<tr>\n<td width=\"397\">\n<p><strong>Pr\u00e4sidentin Prof. Dr. Eva-Maria Kern<\/strong><\/p>\n<\/td>\n<td width=\"555\">\n<p>Pr\u00e4sidentin der Universit\u00e4t der Bundeswehr M\u00fcnchen<\/p>\n<\/td>\n<\/tr>\n<tr>\n<td width=\"397\">\n<p><strong>Prof Dr Christoph Klein<\/strong><\/p>\n<\/td>\n<td width=\"555\">\n<p>Direktor Klinik und Poliklinik f\u00fcr Kinderheilkunde und Jugendmedizin im Dr. von&nbsp;Haunerschen Kinderspital, LMU M\u00fcnchen&nbsp;<\/p>\n<\/td>\n<\/tr>\n<tr>\n<td width=\"397\">\n<p><strong>Prof Dr Nikolaus Korber<\/strong><\/p>\n<\/td>\n<td width=\"555\">\n<p>Vizepr\u00e4sident f\u00fcr Studium, Lehre und Weiterbildung an der Universit\u00e4t Regensburg<\/p>\n<\/td>\n<\/tr>\n<tr>\n<td width=\"397\">\n<p><strong>Prof. Dr Ferdinand Kramer<\/strong><\/p>\n<\/td>\n<td width=\"555\">\n<p>Lehrstuhl f\u00fcr Bayerische Geschichte und Vergleichende Landesgeschichte<\/p>\n<\/td>\n<\/tr>\n<tr>\n<td width=\"397\">\n<p><strong>Max Kronawitter<\/strong><\/p>\n<\/td>\n<td width=\"555\">\n<p>Dokumentarfilmer und Theologe<\/p>\n<\/td>\n<\/tr>\n<tr>\n<td width=\"397\">\n<p><strong>Wolfgang K\u00fcpper<\/strong><\/p>\n<\/td>\n<td width=\"555\">\n<p>fr\u00fcherer Leiter der Redaktion Religion und Orientierung beim BR&nbsp;<\/p>\n<\/td>\n<\/tr>\n<tr>\n<td width=\"397\">\n<p><strong>Gudrun Lux StRin<\/strong><\/p>\n<\/td>\n<td width=\"555\">\n<p>Stadtr\u00e4tin der LH M\u00fcnchen<\/p>\n<\/td>\n<\/tr>\n<tr>\n<td width=\"397\">\n<p><strong>Franz Maget<\/strong><\/p>\n<\/td>\n<td width=\"555\">\n<p>Landtagsvizepr\u00e4sident a.D.<\/p>\n<\/td>\n<\/tr>\n<tr>\n<td width=\"397\">\n<p><strong>Dr Judith M\u00fcller<\/strong><\/p>\n<\/td>\n<td width=\"555\">\n<p>Leiterin der Abteilung Kirchliche Organisationsberatung&nbsp;<\/p>\n<\/td>\n<\/tr>\n<tr>\n<td width=\"397\">\n<p><strong>Matthias Ostner<\/strong><\/p>\n<\/td>\n<td width=\"555\">\n<p>Doktorand in Laserphysik (TUM) und Absolvent der Bayerischen EliteAkademie (BEA)&nbsp;<\/p>\n<\/td>\n<\/tr>\n<tr>\n<td width=\"397\">\n<p><strong>Heidrun Piwernetz<\/strong><\/p>\n<\/td>\n<td width=\"555\">\n<p>President of the Supreme Audit Office (ORH)<\/p>\n<\/td>\n<\/tr>\n<tr>\n<td width=\"397\">\n<p><strong>Martina Preis<\/strong><\/p>\n<\/td>\n<td width=\"555\">\n<p>Beraterin bei IBM Consulting und Absolventin der Bayerischen Elite-Akademie (BEA)&nbsp;<\/p>\n<\/td>\n<\/tr>\n<tr>\n<td width=\"397\">\n<p><strong>Fritz Pustet<\/strong><\/p>\n<\/td>\n<td width=\"555\">\n<p>Gesch\u00e4ftsf\u00fchrung Friedrich Pustet GmbH &amp; Co.KG&nbsp;<\/p>\n<\/td>\n<\/tr>\n<tr>\n<td width=\"397\">\n<p><strong>Prof Dr Astrid Rank<\/strong><\/p>\n<\/td>\n<td width=\"555\">\n<p>Lehrstuhl f\u00fcr Grundschulp\u00e4dagogik an der Universit\u00e4t Regensburg&nbsp;<\/p>\n<\/td>\n<\/tr>\n<tr>\n<td width=\"397\">\n<p><strong>Johanna Rumsch\u00f6ttel<\/strong><\/p>\n<\/td>\n<td width=\"555\">\n<p>Landr\u00e4tin a.D. des Landkreises M\u00fcnchen<\/p>\n<\/td>\n<\/tr>\n<tr>\n<td width=\"397\">\n<p><strong>Burkhard Sch\u00e4fers<\/strong><\/p>\n<\/td>\n<td width=\"555\">\n<p>Journalist (u. a. Deutschlandfunk) und Studienleiter an der Journalistenschule ifp<\/p>\n<\/td>\n<\/tr>\n<tr>\n<td width=\"397\">\n<p><strong>Pr\u00e4sidentin Prof. Dr. Birgit Schaufler<\/strong><\/p>\n<\/td>\n<td width=\"555\">\n<p>Pr\u00e4sidentin der Katholischen Stiftungshochschule M\u00fcnchen<\/p>\n<\/td>\n<\/tr>\n<tr>\n<td width=\"397\">\n<p><strong>Dr.-Ing. Wolfgang Schirmer<\/strong><\/p>\n<\/td>\n<td width=\"555\">\n<p>Leiter Zentralbereich Business Excellence (VO-BEX) Rheinmetall AG&nbsp;<\/p>\n<\/td>\n<\/tr>\n<tr>\n<td width=\"397\">\n<p><strong>Andreas Schmidt<\/strong><\/p>\n<\/td>\n<td width=\"555\">\n<p>Vorstand der Bayerischen B\u00f6rse AG<\/p>\n<\/td>\n<\/tr>\n<tr>\n<td width=\"397\">\n<p><strong>Hiltrud Beauty<\/strong><\/p>\n<\/td>\n<td width=\"555\">\n<p>Vorsitzende des Katholikenrates M\u00fcnchen und Stellvertretende Vorsitzende des Di\u00f6zesanrates des Erzbistums M\u00fcnchen&nbsp;<\/p>\n<\/td>\n<\/tr>\n<tr>\n<td width=\"397\">\n<p><strong>Jeremias Schr\u00f6der OSB<\/strong><\/p>\n<\/td>\n<td width=\"555\">\n<p>Abtprimas der Benediktinischen Konf\u00f6deration<\/p>\n<\/td>\n<\/tr>\n<tr>\n<td width=\"397\">\n<p><strong>Katrin Staffler MdB<\/strong><\/p>\n<\/td>\n<td width=\"555\">\n<p>Pflegebevollm\u00e4chtigte der Bundesregierung<\/p>\n<\/td>\n<\/tr>\n<tr>\n<td width=\"397\">\n<p><strong>Gabriele Triebel MdL<\/strong><\/p>\n<\/td>\n<td width=\"555\">\n<p>Sprecherin f\u00fcr Bildung, Religion und Erinnerungskultur<\/p>\n<\/td>\n<\/tr>\n<tr>\n<td width=\"397\">\n<p><strong>Prof Dr Annette Vogt<\/strong><\/p>\n<\/td>\n<td width=\"555\">\n<p>Professorin em. f\u00fcr Psychologie in der Sozialen Arbeit an der KSH<\/p>\n<\/td>\n<\/tr>\n<tr>\n<td width=\"397\">\n<p><strong>Prof. Dr. Lisa von der Heydte<\/strong><\/p>\n<\/td>\n<td width=\"555\">\n<p>Professorin f\u00fcr Management in der Sozialwirtschaft an der KSH<\/p>\n<\/td>\n<\/tr>\n<tr>\n<td width=\"397\">\n<p><strong>Prof. Dr. Alicia von Schenk<\/strong><\/p>\n<\/td>\n<td width=\"555\">\n<p>Professorin f\u00fcr Economics of AI and Human Behavior an der Universit\u00e4t W\u00fcrzburg&nbsp;<\/p>\n<\/td>\n<\/tr>\n<tr>\n<td width=\"397\">\n<p><strong>Prof. Dr. Dr. Johannes Wallacher<\/strong><\/p>\n<\/td>\n<td width=\"555\">\n<p>Pr\u00e4sident der Hochschule f\u00fcr Philosophie<\/p>\n<\/td>\n<\/tr>\n<tr>\n<td width=\"397\">\n<p><strong>Manfred Weber MEP<\/strong><\/p>\n<\/td>\n<td width=\"555\">\n<p>Vorsitzender der EVP-Fraktion im Europ\u00e4ischen Parlament<\/p>\n<\/td>\n<\/tr>\n<tr>\n<td width=\"397\">\n<p><strong>Sabine Winter<\/strong><\/p>\n<\/td>\n<td width=\"555\">\n<p>Leiterin der Redaktion Religion und Orientierung beim BR&nbsp;<\/p>\n<\/td>\n<\/tr>\n<\/tbody>\n<\/table>\t\t\t\t\t\t\t\t<\/div>\n\t\t\t\t<\/div>\n\t\t\t\t<\/div>\n\t\t\t\t\t<\/div>\n\t\t\t\t<\/div>\n\t\t\t\t\t<\/div>\n\t\t<\/div>\n\t\t\t\t\t<\/div>\n\t\t<\/section>\n\t\t\t\t<\/div>","protected":false},"excerpt":{"rendered":"<p>Mitglieder des Allgemeinen Rates (2025 bis 2029): Katja Auer S\u00fcddeutsche Zeitung, stellvertretende Ressortleiterin M\u00fcnchen, Region, Bayern&nbsp; Prinz Ludwig von Bayern Mitglied Haus Wittelsbach, Entwicklungshelfer Learning Lions&nbsp; Albert Berger Kanzler der Technischen Universit\u00e4t M\u00fcnchen Clemens Bieber Vorsitzender des Caritasverbandes f\u00fcr die Di\u00f6zese W\u00fcrzburg e. V.&nbsp; Dr. Gunther B\u00f6s Leiter Change Management bei der AUDI AG&nbsp; Verena&hellip;<\/p>","protected":false},"author":2,"featured_media":10473,"parent":14,"menu_order":64,"comment_status":"closed","ping_status":"closed","template":"","meta":{"_relevanssi_hide_post":"","_relevanssi_hide_content":"","_relevanssi_pin_for_all":"","_relevanssi_pin_keywords":"","_relevanssi_unpin_keywords":"","_relevanssi_related_keywords":"","_relevanssi_related_include_ids":"","_relevanssi_related_exclude_ids":"","_relevanssi_related_no_append":"","_relevanssi_related_not_related":"","_relevanssi_related_posts":"","_relevanssi_noindex_reason":"","footnotes":""},"class_list":["post-81026","page","type-page","status-publish","has-post-thumbnail","hentry"],"yoast_head":"<!-- This site is optimized with the Yoast SEO plugin v27.4 - https:\/\/yoast.com\/product\/yoast-seo-wordpress\/ -->\n<title>Allgemeiner Rat - Katholische Akademie in Bayern<\/title>\n<meta name=\"description\" content=\"Der Allgemeine Rat sp\u00fcrt die Fragen auf, die unsere Gesellschaft umtreiben, und bringt unterschiedliche gesellschaftliche Institutionen an einen Tisch.\" \/>\n<meta name=\"robots\" content=\"index, follow, max-snippet:-1, max-image-preview:large, max-video-preview:-1\" \/>\n<link rel=\"canonical\" href=\"https:\/\/kath-akademie-bayern.de\/en\/akademie\/allgemeiner-rat\/\" \/>\n<meta property=\"og:locale\" content=\"en_GB\" \/>\n<meta property=\"og:type\" content=\"article\" \/>\n<meta property=\"og:title\" content=\"Allgemeiner Rat - Katholische Akademie in Bayern\" \/>\n<meta property=\"og:description\" content=\"Der Allgemeine Rat sp\u00fcrt die Fragen auf, die unsere Gesellschaft umtreiben, und bringt unterschiedliche gesellschaftliche Institutionen an einen Tisch.\" \/>\n<meta property=\"og:url\" content=\"https:\/\/kath-akademie-bayern.de\/en\/akademie\/allgemeiner-rat\/\" \/>\n<meta property=\"og:site_name\" content=\"Katholische Akademie in Bayern\" \/>\n<meta property=\"article:publisher\" content=\"https:\/\/www.facebook.com\/katholische.akademie.bayern\/\" \/>\n<meta property=\"article:modified_time\" content=\"2026-03-13T10:38:39+00:00\" \/>\n<meta property=\"og:image\" content=\"https:\/\/kath-akademie-bayern.de\/wp-content\/uploads\/FuG_Loewe_2-scaled.jpg\" \/>\n\t<meta property=\"og:image:width\" content=\"2560\" \/>\n\t<meta property=\"og:image:height\" content=\"1440\" \/>\n\t<meta property=\"og:image:type\" content=\"image\/jpeg\" \/>\n<meta name=\"twitter:card\" content=\"summary_large_image\" \/>\n<meta name=\"twitter:label1\" content=\"Estimated reading time\" \/>\n\t<meta name=\"twitter:data1\" content=\"3 minutes\" \/>\n<script type=\"application\/ld+json\" class=\"yoast-schema-graph\">{\"@context\":\"https:\\\/\\\/schema.org\",\"@graph\":[{\"@type\":\"WebPage\",\"@id\":\"https:\\\/\\\/kath-akademie-bayern.de\\\/akademie\\\/allgemeiner-rat\\\/\",\"url\":\"https:\\\/\\\/kath-akademie-bayern.de\\\/akademie\\\/allgemeiner-rat\\\/\",\"name\":\"Allgemeiner Rat - Katholische Akademie in Bayern\",\"isPartOf\":{\"@id\":\"https:\\\/\\\/kath-akademie-bayern.de\\\/#website\"},\"primaryImageOfPage\":{\"@id\":\"https:\\\/\\\/kath-akademie-bayern.de\\\/akademie\\\/allgemeiner-rat\\\/#primaryimage\"},\"image\":{\"@id\":\"https:\\\/\\\/kath-akademie-bayern.de\\\/akademie\\\/allgemeiner-rat\\\/#primaryimage\"},\"thumbnailUrl\":\"https:\\\/\\\/kath-akademie-bayern.de\\\/wp-content\\\/uploads\\\/FuG_Loewe_2-scaled.jpg\",\"datePublished\":\"2024-06-07T12:56:53+00:00\",\"dateModified\":\"2026-03-13T10:38:39+00:00\",\"description\":\"Der Allgemeine Rat sp\u00fcrt die Fragen auf, die unsere Gesellschaft umtreiben, und bringt unterschiedliche gesellschaftliche Institutionen an einen Tisch.\",\"breadcrumb\":{\"@id\":\"https:\\\/\\\/kath-akademie-bayern.de\\\/akademie\\\/allgemeiner-rat\\\/#breadcrumb\"},\"inLanguage\":\"en-GB\",\"potentialAction\":[{\"@type\":\"ReadAction\",\"target\":[\"https:\\\/\\\/kath-akademie-bayern.de\\\/akademie\\\/allgemeiner-rat\\\/\"]}]},{\"@type\":\"ImageObject\",\"inLanguage\":\"en-GB\",\"@id\":\"https:\\\/\\\/kath-akademie-bayern.de\\\/akademie\\\/allgemeiner-rat\\\/#primaryimage\",\"url\":\"https:\\\/\\\/kath-akademie-bayern.de\\\/wp-content\\\/uploads\\\/FuG_Loewe_2-scaled.jpg\",\"contentUrl\":\"https:\\\/\\\/kath-akademie-bayern.de\\\/wp-content\\\/uploads\\\/FuG_Loewe_2-scaled.jpg\",\"width\":2560,\"height\":1440},{\"@type\":\"BreadcrumbList\",\"@id\":\"https:\\\/\\\/kath-akademie-bayern.de\\\/akademie\\\/allgemeiner-rat\\\/#breadcrumb\",\"itemListElement\":[{\"@type\":\"ListItem\",\"position\":1,\"name\":\"Startseite\",\"item\":\"https:\\\/\\\/kath-akademie-bayern.de\\\/\"},{\"@type\":\"ListItem\",\"position\":2,\"name\":\"Akademie\",\"item\":\"https:\\\/\\\/kath-akademie-bayern.de\\\/akademie\\\/\"},{\"@type\":\"ListItem\",\"position\":3,\"name\":\"Allgemeiner Rat\"}]},{\"@type\":\"WebSite\",\"@id\":\"https:\\\/\\\/kath-akademie-bayern.de\\\/#website\",\"url\":\"https:\\\/\\\/kath-akademie-bayern.de\\\/\",\"name\":\"Katholische Akademie in Bayern\",\"description\":\"Kirche braucht Debatte: \u201ekatholisch\u201c mit Blick auf das Ganze \u2013 und \u201eakademisch\u201c im Vertrauen auf die Kraft der Argumente\",\"publisher\":{\"@id\":\"https:\\\/\\\/kath-akademie-bayern.de\\\/#organization\"},\"potentialAction\":[{\"@type\":\"SearchAction\",\"target\":{\"@type\":\"EntryPoint\",\"urlTemplate\":\"https:\\\/\\\/kath-akademie-bayern.de\\\/?s={search_term_string}\"},\"query-input\":{\"@type\":\"PropertyValueSpecification\",\"valueRequired\":true,\"valueName\":\"search_term_string\"}}],\"inLanguage\":\"en-GB\"},{\"@type\":\"Organization\",\"@id\":\"https:\\\/\\\/kath-akademie-bayern.de\\\/#organization\",\"name\":\"Katholische Akademie in Bayern\",\"url\":\"https:\\\/\\\/kath-akademie-bayern.de\\\/\",\"logo\":{\"@type\":\"ImageObject\",\"inLanguage\":\"en-GB\",\"@id\":\"https:\\\/\\\/kath-akademie-bayern.de\\\/#\\\/schema\\\/logo\\\/image\\\/\",\"url\":\"https:\\\/\\\/kath-akademie-bayern.de\\\/wp-content\\\/uploads\\\/Menue-Logo-Home@2x.png\",\"contentUrl\":\"https:\\\/\\\/kath-akademie-bayern.de\\\/wp-content\\\/uploads\\\/Menue-Logo-Home@2x.png\",\"width\":496,\"height\":216,\"caption\":\"Katholische Akademie in Bayern\"},\"image\":{\"@id\":\"https:\\\/\\\/kath-akademie-bayern.de\\\/#\\\/schema\\\/logo\\\/image\\\/\"},\"sameAs\":[\"https:\\\/\\\/www.facebook.com\\\/katholische.akademie.bayern\\\/\"]}]}<\/script>\n<!-- \/ Yoast SEO plugin. -->","yoast_head_json":{"title":"General Council - Catholic Academy in Bavaria","description":"The General Council identifies the issues that drive our society and brings together different social institutions.","robots":{"index":"index","follow":"follow","max-snippet":"max-snippet:-1","max-image-preview":"max-image-preview:large","max-video-preview":"max-video-preview:-1"},"canonical":"https:\/\/kath-akademie-bayern.de\/en\/akademie\/allgemeiner-rat\/","og_locale":"en_GB","og_type":"article","og_title":"Allgemeiner Rat - Katholische Akademie in Bayern","og_description":"Der Allgemeine Rat sp\u00fcrt die Fragen auf, die unsere Gesellschaft umtreiben, und bringt unterschiedliche gesellschaftliche Institutionen an einen Tisch.","og_url":"https:\/\/kath-akademie-bayern.de\/en\/akademie\/allgemeiner-rat\/","og_site_name":"Katholische Akademie in Bayern","article_publisher":"https:\/\/www.facebook.com\/katholische.akademie.bayern\/","article_modified_time":"2026-03-13T10:38:39+00:00","og_image":[{"width":2560,"height":1440,"url":"https:\/\/kath-akademie-bayern.de\/wp-content\/uploads\/FuG_Loewe_2-scaled.jpg","type":"image\/jpeg"}],"twitter_card":"summary_large_image","twitter_misc":{"Estimated reading time":"3 minutes"},"schema":{"@context":"https:\/\/schema.org","@graph":[{"@type":"WebPage","@id":"https:\/\/kath-akademie-bayern.de\/akademie\/allgemeiner-rat\/","url":"https:\/\/kath-akademie-bayern.de\/akademie\/allgemeiner-rat\/","name":"General Council - Catholic Academy in Bavaria","isPartOf":{"@id":"https:\/\/kath-akademie-bayern.de\/#website"},"primaryImageOfPage":{"@id":"https:\/\/kath-akademie-bayern.de\/akademie\/allgemeiner-rat\/#primaryimage"},"image":{"@id":"https:\/\/kath-akademie-bayern.de\/akademie\/allgemeiner-rat\/#primaryimage"},"thumbnailUrl":"https:\/\/kath-akademie-bayern.de\/wp-content\/uploads\/FuG_Loewe_2-scaled.jpg","datePublished":"2024-06-07T12:56:53+00:00","dateModified":"2026-03-13T10:38:39+00:00","description":"The General Council identifies the issues that drive our society and brings together different social institutions.","breadcrumb":{"@id":"https:\/\/kath-akademie-bayern.de\/akademie\/allgemeiner-rat\/#breadcrumb"},"inLanguage":"en-GB","potentialAction":[{"@type":"ReadAction","target":["https:\/\/kath-akademie-bayern.de\/akademie\/allgemeiner-rat\/"]}]},{"@type":"ImageObject","inLanguage":"en-GB","@id":"https:\/\/kath-akademie-bayern.de\/akademie\/allgemeiner-rat\/#primaryimage","url":"https:\/\/kath-akademie-bayern.de\/wp-content\/uploads\/FuG_Loewe_2-scaled.jpg","contentUrl":"https:\/\/kath-akademie-bayern.de\/wp-content\/uploads\/FuG_Loewe_2-scaled.jpg","width":2560,"height":1440},{"@type":"BreadcrumbList","@id":"https:\/\/kath-akademie-bayern.de\/akademie\/allgemeiner-rat\/#breadcrumb","itemListElement":[{"@type":"ListItem","position":1,"name":"Startseite","item":"https:\/\/kath-akademie-bayern.de\/"},{"@type":"ListItem","position":2,"name":"Akademie","item":"https:\/\/kath-akademie-bayern.de\/akademie\/"},{"@type":"ListItem","position":3,"name":"Allgemeiner Rat"}]},{"@type":"WebSite","@id":"https:\/\/kath-akademie-bayern.de\/#website","url":"https:\/\/kath-akademie-bayern.de\/","name":"Catholic Academy in Bavaria","description":"Church needs debate: \"catholic\" looking at the whole - and \"academic\" trusting in the power of arguments","publisher":{"@id":"https:\/\/kath-akademie-bayern.de\/#organization"},"potentialAction":[{"@type":"SearchAction","target":{"@type":"EntryPoint","urlTemplate":"https:\/\/kath-akademie-bayern.de\/?s={search_term_string}"},"query-input":{"@type":"PropertyValueSpecification","valueRequired":true,"valueName":"search_term_string"}}],"inLanguage":"en-GB"},{"@type":"Organization","@id":"https:\/\/kath-akademie-bayern.de\/#organization","name":"Catholic Academy in Bavaria","url":"https:\/\/kath-akademie-bayern.de\/","logo":{"@type":"ImageObject","inLanguage":"en-GB","@id":"https:\/\/kath-akademie-bayern.de\/#\/schema\/logo\/image\/","url":"https:\/\/kath-akademie-bayern.de\/wp-content\/uploads\/Menue-Logo-Home@2x.png","contentUrl":"https:\/\/kath-akademie-bayern.de\/wp-content\/uploads\/Menue-Logo-Home@2x.png","width":496,"height":216,"caption":"Katholische Akademie in Bayern"},"image":{"@id":"https:\/\/kath-akademie-bayern.de\/#\/schema\/logo\/image\/"},"sameAs":["https:\/\/www.facebook.com\/katholische.akademie.bayern\/"]}]}},"_links":{"self":[{"href":"https:\/\/kath-akademie-bayern.de\/en\/wp-json\/wp\/v2\/pages\/81026","targetHints":{"allow":["GET"]}}],"collection":[{"href":"https:\/\/kath-akademie-bayern.de\/en\/wp-json\/wp\/v2\/pages"}],"about":[{"href":"https:\/\/kath-akademie-bayern.de\/en\/wp-json\/wp\/v2\/types\/page"}],"author":[{"embeddable":true,"href":"https:\/\/kath-akademie-bayern.de\/en\/wp-json\/wp\/v2\/users\/2"}],"replies":[{"embeddable":true,"href":"https:\/\/kath-akademie-bayern.de\/en\/wp-json\/wp\/v2\/comments?post=81026"}],"version-history":[{"count":25,"href":"https:\/\/kath-akademie-bayern.de\/en\/wp-json\/wp\/v2\/pages\/81026\/revisions"}],"predecessor-version":[{"id":120276,"href":"https:\/\/kath-akademie-bayern.de\/en\/wp-json\/wp\/v2\/pages\/81026\/revisions\/120276"}],"up":[{"embeddable":true,"href":"https:\/\/kath-akademie-bayern.de\/en\/wp-json\/wp\/v2\/pages\/14"}],"wp:featuredmedia":[{"embeddable":true,"href":"https:\/\/kath-akademie-bayern.de\/en\/wp-json\/wp\/v2\/media\/10473"}],"wp:attachment":[{"href":"https:\/\/kath-akademie-bayern.de\/en\/wp-json\/wp\/v2\/media?parent=81026"}],"curies":[{"name":"wp","href":"https:\/\/api.w.org\/{rel}","templated":true}]}}