{"id":81871,"date":"2024-06-19T10:31:16","date_gmt":"2024-06-19T08:31:16","guid":{"rendered":"https:\/\/kath-akademie-bayern.de\/?page_id=81871"},"modified":"2024-06-19T11:06:39","modified_gmt":"2024-06-19T09:06:39","slug":"wissenschaftlicher-rat","status":"publish","type":"page","link":"https:\/\/kath-akademie-bayern.de\/en\/akademie\/wissenschaftlicher-rat\/","title":{"rendered":"Scientific advice"},"content":{"rendered":"<div data-elementor-type=\"wp-page\" data-elementor-id=\"81871\" class=\"elementor elementor-81871\" data-elementor-post-type=\"page\">\n\t\t\t\t\t\t<section class=\"elementor-section elementor-top-section elementor-element elementor-element-373f3ff elementor-section-stretched elementor-section-boxed elementor-section-height-default elementor-section-height-default elementor-extension-display-condition-disabled\" data-id=\"373f3ff\" data-element_type=\"section\" data-e-type=\"section\" data-settings=\"{&quot;stretch_section&quot;:&quot;section-stretched&quot;,&quot;background_background&quot;:&quot;classic&quot;}\">\n\t\t\t\t\t\t<div class=\"elementor-container elementor-column-gap-no\">\n\t\t\t\t\t<div class=\"elementor-column elementor-col-100 elementor-top-column elementor-element elementor-element-44a8c0b elementor-extension-display-condition-disabled\" data-id=\"44a8c0b\" data-element_type=\"column\" data-e-type=\"column\">\n\t\t\t<div class=\"elementor-widget-wrap elementor-element-populated\">\n\t\t\t\t<div class=\"elementor-element elementor-element-d2bb61a e-con-full e-flex e-con e-parent\" data-id=\"d2bb61a\" data-element_type=\"container\" data-e-type=\"container\" data-settings=\"{&quot;background_background&quot;:&quot;classic&quot;}\">\n\t\t<div class=\"elementor-element elementor-element-e38d272 e-con-full e-flex e-con e-child\" data-id=\"e38d272\" data-element_type=\"container\" data-e-type=\"container\" data-settings=\"{&quot;background_background&quot;:&quot;classic&quot;}\">\n\t\t\t\t<div class=\"elementor-element elementor-element-223c482 elementor-extension-display-condition-disabled elementor-widget elementor-widget-heading\" data-id=\"223c482\" data-element_type=\"widget\" data-e-type=\"widget\" data-widget_type=\"heading.default\">\n\t\t\t\t<div class=\"elementor-widget-container\">\n\t\t\t\t\t<h2 class=\"elementor-heading-title elementor-size-default\">Members of the Scientific Council (2023 to 2028):<\/h2>\t\t\t\t<\/div>\n\t\t\t\t<\/div>\n\t\t\t\t<div class=\"elementor-element elementor-element-47161d0 elementor-extension-display-condition-disabled elementor-widget elementor-widget-text-editor\" data-id=\"47161d0\" data-element_type=\"widget\" data-e-type=\"widget\" data-widget_type=\"text-editor.default\">\n\t\t\t\t<div class=\"elementor-widget-container\">\n\t\t\t\t\t\t\t\t\t<table style=\"height: 1677px;\" width=\"915\">\n<tbody>\n<tr>\n<td width=\"236\"><strong>Prof. Dr J\u00f6rg Althammer<\/strong><\/td>\n<td width=\"468\">Professor of Business Ethics and Social Policy at the Catholic University of Eichst\u00e4tt-Ingolstadt<\/td>\n<\/tr>\n<tr>\n<td width=\"282\"><strong>Prof. Dr Claudia Bausewein<\/strong><\/td>\n<td width=\"380\">Professor and Director of the Clinic for Palliative Medicine at the University of Munich<\/td>\n<\/tr>\n<tr>\n<td width=\"282\"><strong>Prof. Dr Bernhard Bleyer<\/strong><\/td>\n<td width=\"380\">Professor of Theological Ethics at the University of Passau<\/td>\n<\/tr>\n<tr>\n<td width=\"282\"><strong>Prof. Dr. J\u00fcrgen Br\u00fcndl<\/strong><\/td>\n<td width=\"380\">Professor of Fundamental Theology and Dogmatics at the University of Bamberg<\/td>\n<\/tr>\n<tr>\n<td width=\"282\"><strong>Prof. Dr Dominik Burkard<\/strong><\/td>\n<td width=\"380\">Professor of Medieval and Modern Church History at the University of W\u00fcrzburg<\/td>\n<\/tr>\n<tr>\n<td width=\"282\"><strong>Prof. Dr Stefan Endres<\/strong><\/td>\n<td width=\"380\">Professor of Clinical Pharmacology at the Ludwig Maximilian University of Munich<\/td>\n<\/tr>\n<tr>\n<td width=\"282\"><strong>Prof Dr Mechthild Habermann<\/strong><\/td>\n<td width=\"380\">Professor of German Linguistics at the University of Erlangen-Nuremberg<\/td>\n<\/tr>\n<tr>\n<td width=\"282\"><strong>Prof. Dr Gerhard Haszprunar<\/strong><\/td>\n<td width=\"380\">Professor emeritus of Zoology at the Ludwig Maximilian University of Munich and Director General of the State Natural History Collections<\/td>\n<\/tr>\n<tr>\n<td width=\"282\"><strong>Prof. Dr Bernhard Herz<\/strong><\/td>\n<td width=\"380\">Professor of Economics at the University of Bayreuth<\/td>\n<\/tr>\n<tr>\n<td width=\"282\"><strong>Prof Dr Irene Holzer<\/strong><\/td>\n<td width=\"380\">Professor of musicology specialising in early music and popular music at the Ludwig Maximilian University of Munich<\/td>\n<\/tr>\n<tr>\n<td width=\"282\"><strong>Prof. Dr. Britta K\u00e4gler<\/strong><\/td>\n<td width=\"380\">Professor of Bavarian Regional History and European Regional History at the University of Passau<\/td>\n<\/tr>\n<tr>\n<td width=\"282\"><strong>Prof Dr Katharina Karl<\/strong><\/td>\n<td width=\"380\">Professor of Pastoral Theology at the KU Eichst\u00e4tt<\/td>\n<\/tr>\n<tr>\n<td width=\"282\"><strong>Prof. Dr Marita Krauss<\/strong><\/td>\n<td width=\"380\">Professor emeritus of Bavarian and Swabian Regional History at the University of Augsburg<\/td>\n<\/tr>\n<tr>\n<td width=\"282\"><strong>Prof Dr Markus Lienkamp<\/strong><\/td>\n<td width=\"380\">Professor of Automotive Engineering at the Technical University of Munich<\/td>\n<\/tr>\n<tr>\n<td width=\"282\"><strong>Prof. Dr Bernhard L\u00f6ffler<\/strong><\/td>\n<td width=\"380\">Professor of Bavarian Regional History at the University of Regensburg<\/td>\n<\/tr>\n<tr>\n<td width=\"282\"><strong>Prof Dr Hans Mendl<\/strong><\/td>\n<td width=\"380\">Professor of Religious Education at the University of Passau<\/td>\n<\/tr>\n<tr>\n<td width=\"282\"><strong>Prof. Dr Armin Nassehi<\/strong><\/td>\n<td width=\"380\">Professor of Sociology at the Ludwig Maximilian University of Munich<\/td>\n<\/tr>\n<tr>\n<td width=\"282\"><strong>Prof. Dr Susanne Sandherr<\/strong><\/td>\n<td width=\"380\">Professor of Systematic Theology at the Catholic University of Applied Sciences Munich<\/td>\n<\/tr>\n<tr>\n<td width=\"282\"><strong>Prof. Dr Georg Sans SJ<\/strong><\/td>\n<td width=\"380\">Professor of Philosophy of Religion and Subject Philosophy at the Munich School of Philosophy<\/td>\n<\/tr>\n<tr>\n<td width=\"282\"><strong>Prof. Dr Michael Sendtner<\/strong><\/td>\n<td width=\"380\">Professor of Clinical Neurobiology at the University of W\u00fcrzburg<\/td>\n<\/tr>\n<tr>\n<td width=\"282\"><strong>Prof. Dr Rudolf Streinz<\/strong><\/td>\n<td width=\"380\">Professor of Public Law at the University of Munich<\/td>\n<\/tr>\n<tr>\n<td width=\"282\"><strong>Prof. Dr Bertram Stubenrauch<\/strong><\/td>\n<td width=\"380\">Professor of Dogmatics and Ecumenical Theology at the Faculty of Catholic Theology at Ludwig-Maximilians-Universit\u00e4t M\u00fcnchen<\/td>\n<\/tr>\n<tr>\n<td width=\"282\"><strong>Prof. Dr Klaus Unterburger<\/strong><\/td>\n<td width=\"380\">Professor of Medieval and Modern Church History at the University of Regensburg<\/td>\n<\/tr>\n<tr>\n<td width=\"282\"><strong>Prof Dr Angelika M. Vollmar<\/strong><\/td>\n<td width=\"380\">Professor emeritus of Pharmaceutical Biology at the University of Munich<\/td>\n<\/tr>\n<\/tbody>\n<\/table>\t\t\t\t\t\t\t\t<\/div>\n\t\t\t\t<\/div>\n\t\t\t\t<\/div>\n\t\t\t\t<\/div>\n\t\t\t\t\t<\/div>\n\t\t<\/div>\n\t\t\t\t\t<\/div>\n\t\t<\/section>\n\t\t\t\t<\/div>","protected":false},"excerpt":{"rendered":"<p>Members of the Scientific Council (2023 to 2028): Prof Dr J\u00f6rg Althammer Professor of Business Ethics and Social Policy at the Catholic University of Eichst\u00e4tt-Ingolstadt Prof Dr Claudia Bausewein Professor and Director of the Clinic for Palliative Medicine at the University of Munich Prof Dr Bernhard Bleyer Professor of Theological Ethics at the University of Passau Prof Dr J\u00fcrgen Br\u00fcndl Professor of Fundamental Theology...<\/p>","protected":false},"author":2,"featured_media":10473,"parent":14,"menu_order":65,"comment_status":"closed","ping_status":"closed","template":"","meta":{"_relevanssi_hide_post":"","_relevanssi_hide_content":"","_relevanssi_pin_for_all":"","_relevanssi_pin_keywords":"","_relevanssi_unpin_keywords":"","_relevanssi_related_keywords":"","_relevanssi_related_include_ids":"","_relevanssi_related_exclude_ids":"","_relevanssi_related_no_append":"","_relevanssi_related_not_related":"","_relevanssi_related_posts":"","_relevanssi_noindex_reason":"","footnotes":""},"class_list":["post-81871","page","type-page","status-publish","has-post-thumbnail","hentry"],"yoast_head":"<!-- This site is optimized with the Yoast SEO plugin v27.4 - https:\/\/yoast.com\/product\/yoast-seo-wordpress\/ -->\n<title>Wissenschaftlicher Rat - Katholische Akademie in Bayern<\/title>\n<meta name=\"description\" content=\"Der Wissenschaftliche Rat b\u00fcndelt Forschungstrends verschiedenster F\u00e4cher und b\u00fcrgt f\u00fcr das hohe akademische Niveau der Akademie.\" \/>\n<meta name=\"robots\" content=\"index, follow, max-snippet:-1, max-image-preview:large, max-video-preview:-1\" \/>\n<link rel=\"canonical\" href=\"https:\/\/kath-akademie-bayern.de\/en\/akademie\/wissenschaftlicher-rat\/\" \/>\n<meta property=\"og:locale\" content=\"en_GB\" \/>\n<meta property=\"og:type\" content=\"article\" \/>\n<meta property=\"og:title\" content=\"Wissenschaftlicher Rat - Katholische Akademie in Bayern\" \/>\n<meta property=\"og:description\" content=\"Der Wissenschaftliche Rat b\u00fcndelt Forschungstrends verschiedenster F\u00e4cher und b\u00fcrgt f\u00fcr das hohe akademische Niveau der Akademie.\" \/>\n<meta property=\"og:url\" content=\"https:\/\/kath-akademie-bayern.de\/en\/akademie\/wissenschaftlicher-rat\/\" \/>\n<meta property=\"og:site_name\" content=\"Katholische Akademie in Bayern\" \/>\n<meta property=\"article:publisher\" content=\"https:\/\/www.facebook.com\/katholische.akademie.bayern\/\" \/>\n<meta property=\"article:modified_time\" content=\"2024-06-19T09:06:39+00:00\" \/>\n<meta property=\"og:image\" content=\"https:\/\/kath-akademie-bayern.de\/wp-content\/uploads\/FuG_Loewe_2-scaled.jpg\" \/>\n\t<meta property=\"og:image:width\" content=\"2560\" \/>\n\t<meta property=\"og:image:height\" content=\"1440\" \/>\n\t<meta property=\"og:image:type\" content=\"image\/jpeg\" \/>\n<meta name=\"twitter:card\" content=\"summary_large_image\" \/>\n<meta name=\"twitter:label1\" content=\"Estimated reading time\" \/>\n\t<meta name=\"twitter:data1\" content=\"2 minutes\" \/>\n<script type=\"application\/ld+json\" class=\"yoast-schema-graph\">{\"@context\":\"https:\\\/\\\/schema.org\",\"@graph\":[{\"@type\":\"WebPage\",\"@id\":\"https:\\\/\\\/kath-akademie-bayern.de\\\/akademie\\\/wissenschaftlicher-rat\\\/\",\"url\":\"https:\\\/\\\/kath-akademie-bayern.de\\\/akademie\\\/wissenschaftlicher-rat\\\/\",\"name\":\"Wissenschaftlicher Rat - Katholische Akademie in Bayern\",\"isPartOf\":{\"@id\":\"https:\\\/\\\/kath-akademie-bayern.de\\\/#website\"},\"primaryImageOfPage\":{\"@id\":\"https:\\\/\\\/kath-akademie-bayern.de\\\/akademie\\\/wissenschaftlicher-rat\\\/#primaryimage\"},\"image\":{\"@id\":\"https:\\\/\\\/kath-akademie-bayern.de\\\/akademie\\\/wissenschaftlicher-rat\\\/#primaryimage\"},\"thumbnailUrl\":\"https:\\\/\\\/kath-akademie-bayern.de\\\/wp-content\\\/uploads\\\/FuG_Loewe_2-scaled.jpg\",\"datePublished\":\"2024-06-19T08:31:16+00:00\",\"dateModified\":\"2024-06-19T09:06:39+00:00\",\"description\":\"Der Wissenschaftliche Rat b\u00fcndelt Forschungstrends verschiedenster F\u00e4cher und b\u00fcrgt f\u00fcr das hohe akademische Niveau der Akademie.\",\"breadcrumb\":{\"@id\":\"https:\\\/\\\/kath-akademie-bayern.de\\\/akademie\\\/wissenschaftlicher-rat\\\/#breadcrumb\"},\"inLanguage\":\"en-GB\",\"potentialAction\":[{\"@type\":\"ReadAction\",\"target\":[\"https:\\\/\\\/kath-akademie-bayern.de\\\/akademie\\\/wissenschaftlicher-rat\\\/\"]}]},{\"@type\":\"ImageObject\",\"inLanguage\":\"en-GB\",\"@id\":\"https:\\\/\\\/kath-akademie-bayern.de\\\/akademie\\\/wissenschaftlicher-rat\\\/#primaryimage\",\"url\":\"https:\\\/\\\/kath-akademie-bayern.de\\\/wp-content\\\/uploads\\\/FuG_Loewe_2-scaled.jpg\",\"contentUrl\":\"https:\\\/\\\/kath-akademie-bayern.de\\\/wp-content\\\/uploads\\\/FuG_Loewe_2-scaled.jpg\",\"width\":2560,\"height\":1440},{\"@type\":\"BreadcrumbList\",\"@id\":\"https:\\\/\\\/kath-akademie-bayern.de\\\/akademie\\\/wissenschaftlicher-rat\\\/#breadcrumb\",\"itemListElement\":[{\"@type\":\"ListItem\",\"position\":1,\"name\":\"Startseite\",\"item\":\"https:\\\/\\\/kath-akademie-bayern.de\\\/\"},{\"@type\":\"ListItem\",\"position\":2,\"name\":\"Akademie\",\"item\":\"https:\\\/\\\/kath-akademie-bayern.de\\\/akademie\\\/\"},{\"@type\":\"ListItem\",\"position\":3,\"name\":\"Wissenschaftlicher Rat\"}]},{\"@type\":\"WebSite\",\"@id\":\"https:\\\/\\\/kath-akademie-bayern.de\\\/#website\",\"url\":\"https:\\\/\\\/kath-akademie-bayern.de\\\/\",\"name\":\"Katholische Akademie in Bayern\",\"description\":\"Kirche braucht Debatte: \u201ekatholisch\u201c mit Blick auf das Ganze \u2013 und \u201eakademisch\u201c im Vertrauen auf die Kraft der Argumente\",\"publisher\":{\"@id\":\"https:\\\/\\\/kath-akademie-bayern.de\\\/#organization\"},\"potentialAction\":[{\"@type\":\"SearchAction\",\"target\":{\"@type\":\"EntryPoint\",\"urlTemplate\":\"https:\\\/\\\/kath-akademie-bayern.de\\\/?s={search_term_string}\"},\"query-input\":{\"@type\":\"PropertyValueSpecification\",\"valueRequired\":true,\"valueName\":\"search_term_string\"}}],\"inLanguage\":\"en-GB\"},{\"@type\":\"Organization\",\"@id\":\"https:\\\/\\\/kath-akademie-bayern.de\\\/#organization\",\"name\":\"Katholische Akademie in Bayern\",\"url\":\"https:\\\/\\\/kath-akademie-bayern.de\\\/\",\"logo\":{\"@type\":\"ImageObject\",\"inLanguage\":\"en-GB\",\"@id\":\"https:\\\/\\\/kath-akademie-bayern.de\\\/#\\\/schema\\\/logo\\\/image\\\/\",\"url\":\"https:\\\/\\\/kath-akademie-bayern.de\\\/wp-content\\\/uploads\\\/Menue-Logo-Home@2x.png\",\"contentUrl\":\"https:\\\/\\\/kath-akademie-bayern.de\\\/wp-content\\\/uploads\\\/Menue-Logo-Home@2x.png\",\"width\":496,\"height\":216,\"caption\":\"Katholische Akademie in Bayern\"},\"image\":{\"@id\":\"https:\\\/\\\/kath-akademie-bayern.de\\\/#\\\/schema\\\/logo\\\/image\\\/\"},\"sameAs\":[\"https:\\\/\\\/www.facebook.com\\\/katholische.akademie.bayern\\\/\"]}]}<\/script>\n<!-- \/ Yoast SEO plugin. -->","yoast_head_json":{"title":"Academic Council - Catholic Academy in Bavaria","description":"The Scientific Council pools research trends from a wide range of disciplines and vouches for the Academy's high academic standards.","robots":{"index":"index","follow":"follow","max-snippet":"max-snippet:-1","max-image-preview":"max-image-preview:large","max-video-preview":"max-video-preview:-1"},"canonical":"https:\/\/kath-akademie-bayern.de\/en\/akademie\/wissenschaftlicher-rat\/","og_locale":"en_GB","og_type":"article","og_title":"Wissenschaftlicher Rat - Katholische Akademie in Bayern","og_description":"Der Wissenschaftliche Rat b\u00fcndelt Forschungstrends verschiedenster F\u00e4cher und b\u00fcrgt f\u00fcr das hohe akademische Niveau der Akademie.","og_url":"https:\/\/kath-akademie-bayern.de\/en\/akademie\/wissenschaftlicher-rat\/","og_site_name":"Katholische Akademie in Bayern","article_publisher":"https:\/\/www.facebook.com\/katholische.akademie.bayern\/","article_modified_time":"2024-06-19T09:06:39+00:00","og_image":[{"width":2560,"height":1440,"url":"https:\/\/kath-akademie-bayern.de\/wp-content\/uploads\/FuG_Loewe_2-scaled.jpg","type":"image\/jpeg"}],"twitter_card":"summary_large_image","twitter_misc":{"Estimated reading time":"2 minutes"},"schema":{"@context":"https:\/\/schema.org","@graph":[{"@type":"WebPage","@id":"https:\/\/kath-akademie-bayern.de\/akademie\/wissenschaftlicher-rat\/","url":"https:\/\/kath-akademie-bayern.de\/akademie\/wissenschaftlicher-rat\/","name":"Academic Council - Catholic Academy in Bavaria","isPartOf":{"@id":"https:\/\/kath-akademie-bayern.de\/#website"},"primaryImageOfPage":{"@id":"https:\/\/kath-akademie-bayern.de\/akademie\/wissenschaftlicher-rat\/#primaryimage"},"image":{"@id":"https:\/\/kath-akademie-bayern.de\/akademie\/wissenschaftlicher-rat\/#primaryimage"},"thumbnailUrl":"https:\/\/kath-akademie-bayern.de\/wp-content\/uploads\/FuG_Loewe_2-scaled.jpg","datePublished":"2024-06-19T08:31:16+00:00","dateModified":"2024-06-19T09:06:39+00:00","description":"The Scientific Council pools research trends from a wide range of disciplines and vouches for the Academy's high academic standards.","breadcrumb":{"@id":"https:\/\/kath-akademie-bayern.de\/akademie\/wissenschaftlicher-rat\/#breadcrumb"},"inLanguage":"en-GB","potentialAction":[{"@type":"ReadAction","target":["https:\/\/kath-akademie-bayern.de\/akademie\/wissenschaftlicher-rat\/"]}]},{"@type":"ImageObject","inLanguage":"en-GB","@id":"https:\/\/kath-akademie-bayern.de\/akademie\/wissenschaftlicher-rat\/#primaryimage","url":"https:\/\/kath-akademie-bayern.de\/wp-content\/uploads\/FuG_Loewe_2-scaled.jpg","contentUrl":"https:\/\/kath-akademie-bayern.de\/wp-content\/uploads\/FuG_Loewe_2-scaled.jpg","width":2560,"height":1440},{"@type":"BreadcrumbList","@id":"https:\/\/kath-akademie-bayern.de\/akademie\/wissenschaftlicher-rat\/#breadcrumb","itemListElement":[{"@type":"ListItem","position":1,"name":"Startseite","item":"https:\/\/kath-akademie-bayern.de\/"},{"@type":"ListItem","position":2,"name":"Akademie","item":"https:\/\/kath-akademie-bayern.de\/akademie\/"},{"@type":"ListItem","position":3,"name":"Wissenschaftlicher Rat"}]},{"@type":"WebSite","@id":"https:\/\/kath-akademie-bayern.de\/#website","url":"https:\/\/kath-akademie-bayern.de\/","name":"Catholic Academy in Bavaria","description":"Church needs debate: \"catholic\" looking at the whole - and \"academic\" trusting in the power of arguments","publisher":{"@id":"https:\/\/kath-akademie-bayern.de\/#organization"},"potentialAction":[{"@type":"SearchAction","target":{"@type":"EntryPoint","urlTemplate":"https:\/\/kath-akademie-bayern.de\/?s={search_term_string}"},"query-input":{"@type":"PropertyValueSpecification","valueRequired":true,"valueName":"search_term_string"}}],"inLanguage":"en-GB"},{"@type":"Organization","@id":"https:\/\/kath-akademie-bayern.de\/#organization","name":"Catholic Academy in Bavaria","url":"https:\/\/kath-akademie-bayern.de\/","logo":{"@type":"ImageObject","inLanguage":"en-GB","@id":"https:\/\/kath-akademie-bayern.de\/#\/schema\/logo\/image\/","url":"https:\/\/kath-akademie-bayern.de\/wp-content\/uploads\/Menue-Logo-Home@2x.png","contentUrl":"https:\/\/kath-akademie-bayern.de\/wp-content\/uploads\/Menue-Logo-Home@2x.png","width":496,"height":216,"caption":"Katholische Akademie in Bayern"},"image":{"@id":"https:\/\/kath-akademie-bayern.de\/#\/schema\/logo\/image\/"},"sameAs":["https:\/\/www.facebook.com\/katholische.akademie.bayern\/"]}]}},"_links":{"self":[{"href":"https:\/\/kath-akademie-bayern.de\/en\/wp-json\/wp\/v2\/pages\/81871","targetHints":{"allow":["GET"]}}],"collection":[{"href":"https:\/\/kath-akademie-bayern.de\/en\/wp-json\/wp\/v2\/pages"}],"about":[{"href":"https:\/\/kath-akademie-bayern.de\/en\/wp-json\/wp\/v2\/types\/page"}],"author":[{"embeddable":true,"href":"https:\/\/kath-akademie-bayern.de\/en\/wp-json\/wp\/v2\/users\/2"}],"replies":[{"embeddable":true,"href":"https:\/\/kath-akademie-bayern.de\/en\/wp-json\/wp\/v2\/comments?post=81871"}],"version-history":[{"count":22,"href":"https:\/\/kath-akademie-bayern.de\/en\/wp-json\/wp\/v2\/pages\/81871\/revisions"}],"predecessor-version":[{"id":81895,"href":"https:\/\/kath-akademie-bayern.de\/en\/wp-json\/wp\/v2\/pages\/81871\/revisions\/81895"}],"up":[{"embeddable":true,"href":"https:\/\/kath-akademie-bayern.de\/en\/wp-json\/wp\/v2\/pages\/14"}],"wp:featuredmedia":[{"embeddable":true,"href":"https:\/\/kath-akademie-bayern.de\/en\/wp-json\/wp\/v2\/media\/10473"}],"wp:attachment":[{"href":"https:\/\/kath-akademie-bayern.de\/en\/wp-json\/wp\/v2\/media?parent=81871"}],"curies":[{"name":"wp","href":"https:\/\/api.w.org\/{rel}","templated":true}]}}