{"id":81897,"date":"2024-06-19T11:11:09","date_gmt":"2024-06-19T09:11:09","guid":{"rendered":"https:\/\/kath-akademie-bayern.de\/?page_id=81897"},"modified":"2026-01-21T15:34:17","modified_gmt":"2026-01-21T14:34:17","slug":"bildungsausschuss","status":"publish","type":"page","link":"https:\/\/kath-akademie-bayern.de\/en\/akademie\/bildungsausschuss\/","title":{"rendered":"Education Committee"},"content":{"rendered":"<div data-elementor-type=\"wp-page\" data-elementor-id=\"81897\" class=\"elementor elementor-81897\" data-elementor-post-type=\"page\">\n\t\t\t\t\t\t<section class=\"elementor-section elementor-top-section elementor-element elementor-element-373f3ff elementor-section-stretched elementor-section-boxed elementor-section-height-default elementor-section-height-default elementor-extension-display-condition-disabled\" data-id=\"373f3ff\" data-element_type=\"section\" data-e-type=\"section\" data-settings=\"{&quot;stretch_section&quot;:&quot;section-stretched&quot;,&quot;background_background&quot;:&quot;classic&quot;}\">\n\t\t\t\t\t\t<div class=\"elementor-container elementor-column-gap-no\">\n\t\t\t\t\t<div class=\"elementor-column elementor-col-100 elementor-top-column elementor-element elementor-element-44a8c0b elementor-extension-display-condition-disabled\" data-id=\"44a8c0b\" data-element_type=\"column\" data-e-type=\"column\">\n\t\t\t<div class=\"elementor-widget-wrap elementor-element-populated\">\n\t\t\t\t<div class=\"elementor-element elementor-element-d2bb61a e-flex e-con-boxed e-con e-parent\" data-id=\"d2bb61a\" data-element_type=\"container\" data-e-type=\"container\" data-settings=\"{&quot;background_background&quot;:&quot;classic&quot;}\">\n\t\t\t\t\t<div class=\"e-con-inner\">\n\t\t<div class=\"elementor-element elementor-element-e38d272 e-con-full e-flex e-con e-child\" data-id=\"e38d272\" data-element_type=\"container\" data-e-type=\"container\" data-settings=\"{&quot;background_background&quot;:&quot;classic&quot;}\">\n\t\t\t\t<div class=\"elementor-element elementor-element-223c482 elementor-extension-display-condition-disabled elementor-widget elementor-widget-heading\" data-id=\"223c482\" data-element_type=\"widget\" data-e-type=\"widget\" data-widget_type=\"heading.default\">\n\t\t\t\t<div class=\"elementor-widget-container\">\n\t\t\t\t\t<h2 class=\"elementor-heading-title elementor-size-default\">Members of the Education Committee (2024 to 2027):<\/h2>\t\t\t\t<\/div>\n\t\t\t\t<\/div>\n\t\t\t\t<div class=\"elementor-element elementor-element-47161d0 elementor-extension-display-condition-disabled elementor-widget elementor-widget-text-editor\" data-id=\"47161d0\" data-element_type=\"widget\" data-e-type=\"widget\" data-widget_type=\"text-editor.default\">\n\t\t\t\t<div class=\"elementor-widget-container\">\n\t\t\t\t\t\t\t\t\t<table width=\"915\"><tbody><tr><td width=\"298\"><p><strong>Dr Mark Achilles<\/strong><\/p><\/td><td width=\"611\"><p>Managing Director of M\u00fcnchner Bildungswerk<\/p><\/td><\/tr><tr><td width=\"298\"><p><strong>Stefan Bauer<\/strong><\/p><\/td><td width=\"611\"><p>Director of the Youth Pastoral Institute (JPI) Benediktbeuern<\/p><\/td><\/tr><tr><td width=\"298\"><p><strong>Dr Matthias Belafi<\/strong><\/p><\/td><td width=\"611\"><p>Head of the Catholic Office in Bavaria<\/p><\/td><\/tr><tr><td width=\"298\"><p><strong>Dr Ludwig Brandl<\/strong><\/p><\/td><td width=\"611\"><p>Diocesan representative for adult education in the diocese of Eichst\u00e4tt, director of the diocesan education centre<\/p><\/td><\/tr><tr><td width=\"298\"><p><strong>Dr Ute Eiling-H\u00fctig MdL<\/strong><\/p><\/td><td width=\"611\"><p>Sprecherin f\u00fcr Erwachsenenbildung der CSU-Fraktion im Bayerischen Landtag, Vorsitzende des Ausschusses f\u00fcr Bildung und Kultus im Bayerischen Landtag<\/p><\/td><\/tr><tr><td width=\"298\"><p><strong>Dr Franz Haringer<\/strong><\/p><\/td><td width=\"611\"><p>Episcopal Representative for Adult Education of the Diocese of Passau<\/p><\/td><\/tr><tr><td width=\"298\"><p><strong>Dr. Christine H\u00f6rmann<\/strong><\/p><\/td><td width=\"611\"><p>Leiterin der Hauptabteilung Au\u00dferschulische Seelsorge im Erzbisch\u00f6flichen Ordinariat M\u00fcnchen und Freising<\/p><\/td><\/tr><tr><td><p><strong>Christian Kainzbauer-W\u00fctig<\/strong><\/p><\/td><td width=\"611\"><p>Leiter der Hauptabteilung Au\u00dferschulische Bildung, Bisch\u00f6flicher Beauftragter f\u00fcr Erwachsenenbildung im Erzbistum Bamberg<\/p><\/td><\/tr><tr><td width=\"298\"><p><strong>Clemens Knoll<\/strong><\/p><\/td><td width=\"611\"><p>Mitglied im Vorstand der KEB Bayern, ehem. Gesch\u00e4ftsf\u00fchrer der KEB in der Erzdi\u00f6zese M\u00fcnchen und Freising<\/p><\/td><\/tr><tr><td width=\"298\"><p><strong>Dr Hildegard Kronawitter<\/strong><\/p><\/td><td width=\"611\"><p>Mitglied des Bayerischen Landtags a. D., Vorsitzende der Wei\u00dfe-Rose-Stiftung<\/p><\/td><\/tr><tr><td width=\"298\"><p><strong>Michael M\u00f6tter<\/strong><\/p><\/td><td width=\"611\"><p>Deputy Managing Director of the Bildungswerk der Bayerischen Wirtschaft e.V.<\/p><\/td><\/tr><tr><td width=\"298\"><p><strong>Kathi Petersen<\/strong><\/p><\/td><td width=\"611\"><p>Mitglied im Vorstand der KEB Bayern,\u00a0 ehem. Gesch\u00e4ftsf\u00fchrerin der KEB in Stadt und Landkreis N\u00fcrnberg<\/p><\/td><\/tr><tr><td width=\"298\"><p><strong>Prof. Dr Michael Piazolo MdL<\/strong><\/p><\/td><td width=\"611\"><p>Former Bavarian State Minister of Education and Cultural Affairs, Professor of European Studies at the Munich University of Applied Sciences<\/p><\/td><\/tr><tr><td width=\"298\"><p><strong>Kathrin N. Raps<\/strong><\/p><\/td><td width=\"611\"><p>Member of the Board of Kolping-Bildungswerk M\u00fcnchen und Oberbayern, Member of the Board of KEB Bayern<\/p><\/td><\/tr><tr><td width=\"298\"><p><strong>Prof. Dr Gerda Riedl<\/strong><\/p><\/td><td width=\"611\"><p>Episcopal representative for adult education in the diocese of Augsburg<\/p><\/td><\/tr><tr><td width=\"298\"><p>P<strong>Dr Barbara Schellhammer<\/strong><\/p><\/td><td width=\"611\"><p>Professorin f\u00fcr &#8222;Intercultural Social Transformation&#8220; an der Hochschule f\u00fcr Philosophie, M\u00fcnchen<\/p><\/td><\/tr><tr><td width=\"298\"><p><strong>Prof Dr Bernhard Schmidt-Hertha<\/strong><\/p><\/td><td width=\"611\"><p>Professor f\u00fcr Allgemeine P\u00e4dagogik und Bildungsforschung an der LMU M\u00fcnchen<\/p><\/td><\/tr><tr><td width=\"298\"><p><strong>Dr Christine Schrappe<\/strong><\/p><\/td><td width=\"611\"><p>Hauptabteilungsleiterin &#8222;Bildung und Kultur&#8220;, Bisch\u00f6fliche Beauftragter f\u00fcr Erwachsenenbildung im Bistum W\u00fcrzburg<\/p><\/td><\/tr><tr><td width=\"298\"><p><strong>Bernd Sibler<\/strong><\/p><\/td><td width=\"611\"><p>Landrat, Bayerischer Staatsminister f\u00fcr Unterricht und Kultus a. D.<\/p><\/td><\/tr><tr><td width=\"298\"><p><strong>Wolfgang St\u00f6ckl<\/strong><\/p><\/td><td width=\"611\"><p>Member of the board of KEB Bayern, Episcopal representative for adult education in the diocese of Regensburg<\/p><\/td><\/tr><tr><td width=\"298\"><p><strong>Britta W\u00f6rndle<\/strong><\/p><\/td><td width=\"611\"><p>Education and Coordination Officer at KDFB Bayern<\/p><\/td><\/tr><tr><td width=\"298\"><p><strong>Dr Walter Zahner<\/strong><\/p><\/td><td width=\"611\"><p>Head of the pastoral care office in the diocese of Regensburg<\/p><\/td><\/tr><tr><td width=\"298\"><p><strong>Josef Zellmeier MdL<\/strong><\/p><\/td><td width=\"611\"><p>Vorsitzender des Ausschusses f\u00fcr Staatshaushalt und Finanzfragen des Bayerischen Landtags, Vorsitzender des KLB-Bildungswerks der Di\u00f6zese Regensburg<\/p><\/td><\/tr><\/tbody><\/table><p>\u00a0<\/p>\t\t\t\t\t\t\t\t<\/div>\n\t\t\t\t<\/div>\n\t\t\t\t<\/div>\n\t\t\t\t\t<\/div>\n\t\t\t\t<\/div>\n\t\t\t\t\t<\/div>\n\t\t<\/div>\n\t\t\t\t\t<\/div>\n\t\t<\/section>\n\t\t\t\t<\/div>","protected":false},"excerpt":{"rendered":"<p>Mitglieder des Bildungsausschusses (2024 bis 2027): Dr. Mark Achilles Gesch\u00e4ftsf\u00fchrer des M\u00fcnchner Bildungswerks Stefan Bauer Institutsleiter des Jugendpastoralinstituts (JPI) Benediktbeuern Dr. Matthias Belafi Leiter des Katholischen B\u00fcros in Bayern Dr. Ludwig Brandl Di\u00f6zesanbeauftragter f\u00fcr Erwachsenenbildung im Bistum Eichst\u00e4tt, Direktor des Di\u00f6zesanbildungswerks Dr. Ute Eiling-H\u00fctig MdL Sprecherin f\u00fcr Erwachsenenbildung der CSU-Fraktion im Bayerischen Landtag, Vorsitzende des&hellip;<\/p>","protected":false},"author":2,"featured_media":10473,"parent":14,"menu_order":63,"comment_status":"closed","ping_status":"closed","template":"","meta":{"_relevanssi_hide_post":"","_relevanssi_hide_content":"","_relevanssi_pin_for_all":"","_relevanssi_pin_keywords":"","_relevanssi_unpin_keywords":"","_relevanssi_related_keywords":"","_relevanssi_related_include_ids":"","_relevanssi_related_exclude_ids":"","_relevanssi_related_no_append":"","_relevanssi_related_not_related":"","_relevanssi_related_posts":"","_relevanssi_noindex_reason":"","footnotes":""},"class_list":["post-81897","page","type-page","status-publish","has-post-thumbnail","hentry"],"yoast_head":"<!-- This site is optimized with the Yoast SEO plugin v27.4 - https:\/\/yoast.com\/product\/yoast-seo-wordpress\/ -->\n<title>Bildungsausschuss - Katholische Akademie in Bayern<\/title>\n<meta name=\"description\" content=\"Der Bildungsausschuss holt aktuelle Trends und Themen der KEB in die Akademie und versucht, deren Arbeit in der Fl\u00e4che fruchtbar zu machen.\" \/>\n<meta name=\"robots\" content=\"index, follow, max-snippet:-1, max-image-preview:large, max-video-preview:-1\" \/>\n<link rel=\"canonical\" href=\"https:\/\/kath-akademie-bayern.de\/en\/akademie\/bildungsausschuss\/\" \/>\n<meta property=\"og:locale\" content=\"en_GB\" \/>\n<meta property=\"og:type\" content=\"article\" \/>\n<meta property=\"og:title\" content=\"Bildungsausschuss - Katholische Akademie in Bayern\" \/>\n<meta property=\"og:description\" content=\"Der Bildungsausschuss holt aktuelle Trends und Themen der KEB in die Akademie und versucht, deren Arbeit in der Fl\u00e4che fruchtbar zu machen.\" \/>\n<meta property=\"og:url\" content=\"https:\/\/kath-akademie-bayern.de\/en\/akademie\/bildungsausschuss\/\" \/>\n<meta property=\"og:site_name\" content=\"Katholische Akademie in Bayern\" \/>\n<meta property=\"article:publisher\" content=\"https:\/\/www.facebook.com\/katholische.akademie.bayern\/\" \/>\n<meta property=\"article:modified_time\" content=\"2026-01-21T14:34:17+00:00\" \/>\n<meta property=\"og:image\" content=\"https:\/\/kath-akademie-bayern.de\/wp-content\/uploads\/FuG_Loewe_2-scaled.jpg\" \/>\n\t<meta property=\"og:image:width\" content=\"2560\" \/>\n\t<meta property=\"og:image:height\" content=\"1440\" \/>\n\t<meta property=\"og:image:type\" content=\"image\/jpeg\" \/>\n<meta name=\"twitter:card\" content=\"summary_large_image\" \/>\n<meta name=\"twitter:label1\" content=\"Estimated reading time\" \/>\n\t<meta name=\"twitter:data1\" content=\"2 minutes\" \/>\n<script type=\"application\/ld+json\" class=\"yoast-schema-graph\">{\"@context\":\"https:\\\/\\\/schema.org\",\"@graph\":[{\"@type\":\"WebPage\",\"@id\":\"https:\\\/\\\/kath-akademie-bayern.de\\\/akademie\\\/bildungsausschuss\\\/\",\"url\":\"https:\\\/\\\/kath-akademie-bayern.de\\\/akademie\\\/bildungsausschuss\\\/\",\"name\":\"Bildungsausschuss - Katholische Akademie in Bayern\",\"isPartOf\":{\"@id\":\"https:\\\/\\\/kath-akademie-bayern.de\\\/#website\"},\"primaryImageOfPage\":{\"@id\":\"https:\\\/\\\/kath-akademie-bayern.de\\\/akademie\\\/bildungsausschuss\\\/#primaryimage\"},\"image\":{\"@id\":\"https:\\\/\\\/kath-akademie-bayern.de\\\/akademie\\\/bildungsausschuss\\\/#primaryimage\"},\"thumbnailUrl\":\"https:\\\/\\\/kath-akademie-bayern.de\\\/wp-content\\\/uploads\\\/FuG_Loewe_2-scaled.jpg\",\"datePublished\":\"2024-06-19T09:11:09+00:00\",\"dateModified\":\"2026-01-21T14:34:17+00:00\",\"description\":\"Der Bildungsausschuss holt aktuelle Trends und Themen der KEB in die Akademie und versucht, deren Arbeit in der Fl\u00e4che fruchtbar zu machen.\",\"breadcrumb\":{\"@id\":\"https:\\\/\\\/kath-akademie-bayern.de\\\/akademie\\\/bildungsausschuss\\\/#breadcrumb\"},\"inLanguage\":\"en-GB\",\"potentialAction\":[{\"@type\":\"ReadAction\",\"target\":[\"https:\\\/\\\/kath-akademie-bayern.de\\\/akademie\\\/bildungsausschuss\\\/\"]}]},{\"@type\":\"ImageObject\",\"inLanguage\":\"en-GB\",\"@id\":\"https:\\\/\\\/kath-akademie-bayern.de\\\/akademie\\\/bildungsausschuss\\\/#primaryimage\",\"url\":\"https:\\\/\\\/kath-akademie-bayern.de\\\/wp-content\\\/uploads\\\/FuG_Loewe_2-scaled.jpg\",\"contentUrl\":\"https:\\\/\\\/kath-akademie-bayern.de\\\/wp-content\\\/uploads\\\/FuG_Loewe_2-scaled.jpg\",\"width\":2560,\"height\":1440},{\"@type\":\"BreadcrumbList\",\"@id\":\"https:\\\/\\\/kath-akademie-bayern.de\\\/akademie\\\/bildungsausschuss\\\/#breadcrumb\",\"itemListElement\":[{\"@type\":\"ListItem\",\"position\":1,\"name\":\"Startseite\",\"item\":\"https:\\\/\\\/kath-akademie-bayern.de\\\/\"},{\"@type\":\"ListItem\",\"position\":2,\"name\":\"Akademie\",\"item\":\"https:\\\/\\\/kath-akademie-bayern.de\\\/akademie\\\/\"},{\"@type\":\"ListItem\",\"position\":3,\"name\":\"Bildungsausschuss\"}]},{\"@type\":\"WebSite\",\"@id\":\"https:\\\/\\\/kath-akademie-bayern.de\\\/#website\",\"url\":\"https:\\\/\\\/kath-akademie-bayern.de\\\/\",\"name\":\"Katholische Akademie in Bayern\",\"description\":\"Kirche braucht Debatte: \u201ekatholisch\u201c mit Blick auf das Ganze \u2013 und \u201eakademisch\u201c im Vertrauen auf die Kraft der Argumente\",\"publisher\":{\"@id\":\"https:\\\/\\\/kath-akademie-bayern.de\\\/#organization\"},\"potentialAction\":[{\"@type\":\"SearchAction\",\"target\":{\"@type\":\"EntryPoint\",\"urlTemplate\":\"https:\\\/\\\/kath-akademie-bayern.de\\\/?s={search_term_string}\"},\"query-input\":{\"@type\":\"PropertyValueSpecification\",\"valueRequired\":true,\"valueName\":\"search_term_string\"}}],\"inLanguage\":\"en-GB\"},{\"@type\":\"Organization\",\"@id\":\"https:\\\/\\\/kath-akademie-bayern.de\\\/#organization\",\"name\":\"Katholische Akademie in Bayern\",\"url\":\"https:\\\/\\\/kath-akademie-bayern.de\\\/\",\"logo\":{\"@type\":\"ImageObject\",\"inLanguage\":\"en-GB\",\"@id\":\"https:\\\/\\\/kath-akademie-bayern.de\\\/#\\\/schema\\\/logo\\\/image\\\/\",\"url\":\"https:\\\/\\\/kath-akademie-bayern.de\\\/wp-content\\\/uploads\\\/Menue-Logo-Home@2x.png\",\"contentUrl\":\"https:\\\/\\\/kath-akademie-bayern.de\\\/wp-content\\\/uploads\\\/Menue-Logo-Home@2x.png\",\"width\":496,\"height\":216,\"caption\":\"Katholische Akademie in Bayern\"},\"image\":{\"@id\":\"https:\\\/\\\/kath-akademie-bayern.de\\\/#\\\/schema\\\/logo\\\/image\\\/\"},\"sameAs\":[\"https:\\\/\\\/www.facebook.com\\\/katholische.akademie.bayern\\\/\"]}]}<\/script>\n<!-- \/ Yoast SEO plugin. -->","yoast_head_json":{"title":"Education Committee - Catholic Academy in Bavaria","description":"The Education Committee brings current trends and topics of the CEF into the Academy and endeavours to make its work fruitful in the area.","robots":{"index":"index","follow":"follow","max-snippet":"max-snippet:-1","max-image-preview":"max-image-preview:large","max-video-preview":"max-video-preview:-1"},"canonical":"https:\/\/kath-akademie-bayern.de\/en\/akademie\/bildungsausschuss\/","og_locale":"en_GB","og_type":"article","og_title":"Bildungsausschuss - Katholische Akademie in Bayern","og_description":"Der Bildungsausschuss holt aktuelle Trends und Themen der KEB in die Akademie und versucht, deren Arbeit in der Fl\u00e4che fruchtbar zu machen.","og_url":"https:\/\/kath-akademie-bayern.de\/en\/akademie\/bildungsausschuss\/","og_site_name":"Katholische Akademie in Bayern","article_publisher":"https:\/\/www.facebook.com\/katholische.akademie.bayern\/","article_modified_time":"2026-01-21T14:34:17+00:00","og_image":[{"width":2560,"height":1440,"url":"https:\/\/kath-akademie-bayern.de\/wp-content\/uploads\/FuG_Loewe_2-scaled.jpg","type":"image\/jpeg"}],"twitter_card":"summary_large_image","twitter_misc":{"Estimated reading time":"2 minutes"},"schema":{"@context":"https:\/\/schema.org","@graph":[{"@type":"WebPage","@id":"https:\/\/kath-akademie-bayern.de\/akademie\/bildungsausschuss\/","url":"https:\/\/kath-akademie-bayern.de\/akademie\/bildungsausschuss\/","name":"Education Committee - Catholic Academy in Bavaria","isPartOf":{"@id":"https:\/\/kath-akademie-bayern.de\/#website"},"primaryImageOfPage":{"@id":"https:\/\/kath-akademie-bayern.de\/akademie\/bildungsausschuss\/#primaryimage"},"image":{"@id":"https:\/\/kath-akademie-bayern.de\/akademie\/bildungsausschuss\/#primaryimage"},"thumbnailUrl":"https:\/\/kath-akademie-bayern.de\/wp-content\/uploads\/FuG_Loewe_2-scaled.jpg","datePublished":"2024-06-19T09:11:09+00:00","dateModified":"2026-01-21T14:34:17+00:00","description":"The Education Committee brings current trends and topics of the CEF into the Academy and endeavours to make its work fruitful in the area.","breadcrumb":{"@id":"https:\/\/kath-akademie-bayern.de\/akademie\/bildungsausschuss\/#breadcrumb"},"inLanguage":"en-GB","potentialAction":[{"@type":"ReadAction","target":["https:\/\/kath-akademie-bayern.de\/akademie\/bildungsausschuss\/"]}]},{"@type":"ImageObject","inLanguage":"en-GB","@id":"https:\/\/kath-akademie-bayern.de\/akademie\/bildungsausschuss\/#primaryimage","url":"https:\/\/kath-akademie-bayern.de\/wp-content\/uploads\/FuG_Loewe_2-scaled.jpg","contentUrl":"https:\/\/kath-akademie-bayern.de\/wp-content\/uploads\/FuG_Loewe_2-scaled.jpg","width":2560,"height":1440},{"@type":"BreadcrumbList","@id":"https:\/\/kath-akademie-bayern.de\/akademie\/bildungsausschuss\/#breadcrumb","itemListElement":[{"@type":"ListItem","position":1,"name":"Startseite","item":"https:\/\/kath-akademie-bayern.de\/"},{"@type":"ListItem","position":2,"name":"Akademie","item":"https:\/\/kath-akademie-bayern.de\/akademie\/"},{"@type":"ListItem","position":3,"name":"Bildungsausschuss"}]},{"@type":"WebSite","@id":"https:\/\/kath-akademie-bayern.de\/#website","url":"https:\/\/kath-akademie-bayern.de\/","name":"Catholic Academy in Bavaria","description":"Church needs debate: \"catholic\" looking at the whole - and \"academic\" trusting in the power of arguments","publisher":{"@id":"https:\/\/kath-akademie-bayern.de\/#organization"},"potentialAction":[{"@type":"SearchAction","target":{"@type":"EntryPoint","urlTemplate":"https:\/\/kath-akademie-bayern.de\/?s={search_term_string}"},"query-input":{"@type":"PropertyValueSpecification","valueRequired":true,"valueName":"search_term_string"}}],"inLanguage":"en-GB"},{"@type":"Organization","@id":"https:\/\/kath-akademie-bayern.de\/#organization","name":"Catholic Academy in Bavaria","url":"https:\/\/kath-akademie-bayern.de\/","logo":{"@type":"ImageObject","inLanguage":"en-GB","@id":"https:\/\/kath-akademie-bayern.de\/#\/schema\/logo\/image\/","url":"https:\/\/kath-akademie-bayern.de\/wp-content\/uploads\/Menue-Logo-Home@2x.png","contentUrl":"https:\/\/kath-akademie-bayern.de\/wp-content\/uploads\/Menue-Logo-Home@2x.png","width":496,"height":216,"caption":"Katholische Akademie in Bayern"},"image":{"@id":"https:\/\/kath-akademie-bayern.de\/#\/schema\/logo\/image\/"},"sameAs":["https:\/\/www.facebook.com\/katholische.akademie.bayern\/"]}]}},"_links":{"self":[{"href":"https:\/\/kath-akademie-bayern.de\/en\/wp-json\/wp\/v2\/pages\/81897","targetHints":{"allow":["GET"]}}],"collection":[{"href":"https:\/\/kath-akademie-bayern.de\/en\/wp-json\/wp\/v2\/pages"}],"about":[{"href":"https:\/\/kath-akademie-bayern.de\/en\/wp-json\/wp\/v2\/types\/page"}],"author":[{"embeddable":true,"href":"https:\/\/kath-akademie-bayern.de\/en\/wp-json\/wp\/v2\/users\/2"}],"replies":[{"embeddable":true,"href":"https:\/\/kath-akademie-bayern.de\/en\/wp-json\/wp\/v2\/comments?post=81897"}],"version-history":[{"count":14,"href":"https:\/\/kath-akademie-bayern.de\/en\/wp-json\/wp\/v2\/pages\/81897\/revisions"}],"predecessor-version":[{"id":118191,"href":"https:\/\/kath-akademie-bayern.de\/en\/wp-json\/wp\/v2\/pages\/81897\/revisions\/118191"}],"up":[{"embeddable":true,"href":"https:\/\/kath-akademie-bayern.de\/en\/wp-json\/wp\/v2\/pages\/14"}],"wp:featuredmedia":[{"embeddable":true,"href":"https:\/\/kath-akademie-bayern.de\/en\/wp-json\/wp\/v2\/media\/10473"}],"wp:attachment":[{"href":"https:\/\/kath-akademie-bayern.de\/en\/wp-json\/wp\/v2\/media?parent=81897"}],"curies":[{"name":"wp","href":"https:\/\/api.w.org\/{rel}","templated":true}]}}