{"id":98813,"date":"2025-01-30T15:05:20","date_gmt":"2025-01-30T14:05:20","guid":{"rendered":"https:\/\/kath-akademie-bayern.de\/?page_id=98813"},"modified":"2025-03-25T15:04:31","modified_gmt":"2025-03-25T14:04:31","slug":"kunst-am-eingang","status":"publish","type":"page","link":"https:\/\/kath-akademie-bayern.de\/en\/akademie\/kunst-in-der-akademie\/kunst-am-eingang\/","title":{"rendered":"Kunst am Eingang"},"content":{"rendered":"<div data-elementor-type=\"wp-page\" data-elementor-id=\"98813\" class=\"elementor elementor-98813\" data-elementor-post-type=\"page\">\n\t\t\t\t<div class=\"elementor-element elementor-element-7347824 e-grid e-con-boxed e-con e-parent\" data-id=\"7347824\" data-element_type=\"container\" data-e-type=\"container\">\n\t\t\t\t\t<div class=\"e-con-inner\">\n\t\t\t\t<div class=\"elementor-element elementor-element-e8300aa elementor-extension-display-condition-disabled elementor-widget elementor-widget-image\" data-id=\"e8300aa\" data-element_type=\"widget\" data-e-type=\"widget\" data-widget_type=\"image.default\">\n\t\t\t\t<div class=\"elementor-widget-container\">\n\t\t\t\t\t\t\t\t\t\t\t\t\t\t\t<img loading=\"lazy\" decoding=\"async\" width=\"410\" height=\"512\" src=\"https:\/\/kath-akademie-bayern.de\/wp-content\/uploads\/Johann-Halbig_Loewe_Swapo-410x512.jpg\" class=\"attachment-medium size-medium wp-image-98703\" alt=\"\" srcset=\"https:\/\/kath-akademie-bayern.de\/wp-content\/uploads\/Johann-Halbig_Loewe_Swapo-410x512.jpg 410w, https:\/\/kath-akademie-bayern.de\/wp-content\/uploads\/Johann-Halbig_Loewe_Swapo-768x960.jpg 768w, https:\/\/kath-akademie-bayern.de\/wp-content\/uploads\/Johann-Halbig_Loewe_Swapo-10x12.jpg 10w, https:\/\/kath-akademie-bayern.de\/wp-content\/uploads\/Johann-Halbig_Loewe_Swapo-360x450.jpg 360w, https:\/\/kath-akademie-bayern.de\/wp-content\/uploads\/Johann-Halbig_Loewe_Swapo.jpg 801w\" sizes=\"auto, (max-width: 410px) 100vw, 410px\" \/>\t\t\t\t\t\t\t\t\t\t\t\t\t\t\t<\/div>\n\t\t\t\t<\/div>\n\t\t\t\t<div class=\"elementor-element elementor-element-4ed77de elementor-extension-display-condition-disabled elementor-widget elementor-widget-text-editor\" data-id=\"4ed77de\" data-element_type=\"widget\" data-e-type=\"widget\" data-widget_type=\"text-editor.default\">\n\t\t\t\t<div class=\"elementor-widget-container\">\n\t\t\t\t\t\t\t\t\t<p><strong>JOHANN HALBIG<\/strong><\/p><p>(*1814 in Donnersdorf, \u20201882 in M\u00fcnchen)<\/p><p><strong>L\u00f6we \u201eSwapo\u201c\u00a0<\/strong><\/p><p>1848<\/p><p>Steinskulptur<\/p><p>280cm, 15t Gewicht<\/p><p>\u201eDie Freiheit verteidigen\u2026\u201c<\/p><p>Der L\u00f6we stand urspr\u00fcnglich \u00ad\u2013 zusammen mit einem zweiten L\u00f6wen \u2013 vor dem Wittelsbacher Palais an der Ecke Brienner-\/T\u00fcrkenstrasse, der sp\u00e4teren Gestapo-Zentrale. Im Krieg wurde das Geb\u00e4ude zerst\u00f6rt, 1964 abgerissen und an seiner Stelle die Bayerische Landesbank errichtet. Seit 1970 steht der L\u00f6we vor der Katholischen Akademie in Bayern und wird nach \u201eSwapo\u201c, dem sagenhaften Gr\u00fcnder Schwabings, benannt. 1994 schuf der Bildhauer Max Faller eine Bronzetafel beim L\u00f6wen, \u201eDie Freiheit verteidigen\u2026\u201c, die an den katholischen Publizisten und NS-Gegner Fritz Gerlich erinnern soll, der am 1. Juli 1934 in Dachau von den Nazis ermordet wurde. Der L\u00f6we wurde so zu einer Mahnung an die Freiheit, die auch der Akademie sehr am Herzen liegt.<\/p><p>Mehr Informationen: <a href=\"https:\/\/de.wikipedia.org\/wiki\/Johann_Halbig\">https:\/\/de.wikipedia.org\/wiki\/Johann_Halbig<\/a><\/p><p>Foto: Martin Miller<\/p>\t\t\t\t\t\t\t\t<\/div>\n\t\t\t\t<\/div>\n\t\t\t\t<div class=\"elementor-element elementor-element-abb06f0 elementor-extension-display-condition-disabled elementor-widget elementor-widget-image\" data-id=\"abb06f0\" data-element_type=\"widget\" data-e-type=\"widget\" data-widget_type=\"image.default\">\n\t\t\t\t<div class=\"elementor-widget-container\">\n\t\t\t\t\t\t\t\t\t\t\t\t\t\t\t<img loading=\"lazy\" decoding=\"async\" width=\"512\" height=\"316\" src=\"https:\/\/kath-akademie-bayern.de\/wp-content\/uploads\/Blasius-Gerg_Relief_Chaos_Ordnung-512x316.jpg\" class=\"attachment-medium size-medium wp-image-100674\" alt=\"\" srcset=\"https:\/\/kath-akademie-bayern.de\/wp-content\/uploads\/Blasius-Gerg_Relief_Chaos_Ordnung-512x316.jpg 512w, https:\/\/kath-akademie-bayern.de\/wp-content\/uploads\/Blasius-Gerg_Relief_Chaos_Ordnung-18x12.jpg 18w, https:\/\/kath-akademie-bayern.de\/wp-content\/uploads\/Blasius-Gerg_Relief_Chaos_Ordnung-360x222.jpg 360w, https:\/\/kath-akademie-bayern.de\/wp-content\/uploads\/Blasius-Gerg_Relief_Chaos_Ordnung.jpg 714w\" sizes=\"auto, (max-width: 512px) 100vw, 512px\" \/>\t\t\t\t\t\t\t\t\t\t\t\t\t\t\t<\/div>\n\t\t\t\t<\/div>\n\t\t\t\t<div class=\"elementor-element elementor-element-7daea6d elementor-extension-display-condition-disabled elementor-widget elementor-widget-text-editor\" data-id=\"7daea6d\" data-element_type=\"widget\" data-e-type=\"widget\" data-widget_type=\"text-editor.default\">\n\t\t\t\t<div class=\"elementor-widget-container\">\n\t\t\t\t\t\t\t\t\t<p><strong>BLASIUS GERG<\/strong><\/p><p>(*1927 in Lenggries, \u20202007 in Haslach)<\/p><p><strong>Vom Chaos zur Ordnung<\/strong><\/p><p>1962<\/p><p>Steinrelief<\/p><p>340cm x 2450cm<\/p><p>Das fast 25m lange Relief wurde kurz nach der Er\u00f6ffnung der Katholischen Akademie an der Fassade angebracht. Es ist eines der wichtigsten Werke von Gerg, der Mitglied der Bayerischen Akademie der Sch\u00f6nen K\u00fcnste war. Das Relief besteht aus quadratischen und trapezf\u00f6rmigen Platten sowie zylindrischen Balken, allesamt aus Muschelkalk.<\/p><p>Der 500m\u00b2 gro\u00dfe Platz vor dem Relief (auf st\u00e4dtischem Grund) wurde nach Entw\u00fcrfen des Bildhauers Max Faller 1995 neu gestaltet. Die rautenf\u00f6rmig angeordneten Pflastersteine verweisen auf das bayerische Wappen. Auch die Poller, die den Fu\u00dfg\u00e4ngerbereich von der Parkbucht trennen, sind nach einer Idee Fallers gestaltet.<\/p><p>Mehr Informationen: <a href=\"https:\/\/de.wikipedia.org\/wiki\/Blasius_Gerg\">https:\/\/de.wikipedia.org\/wiki\/Blasius_Gerg<\/a><\/p><p>Foto: Katholische Akademie in Bayern<\/p>\t\t\t\t\t\t\t\t<\/div>\n\t\t\t\t<\/div>\n\t\t\t\t<div class=\"elementor-element elementor-element-8b931b8 elementor-extension-display-condition-disabled elementor-widget elementor-widget-image\" data-id=\"8b931b8\" data-element_type=\"widget\" data-e-type=\"widget\" data-widget_type=\"image.default\">\n\t\t\t\t<div class=\"elementor-widget-container\">\n\t\t\t\t\t\t\t\t\t\t\t\t\t\t\t<img decoding=\"async\" src=\"https:\/\/kath-akademie-bayern.de\/wp-content\/uploads\/Kicherer_Kerzenst_Licht-der-Welt.jpg\" title=\"\" alt=\"\" loading=\"lazy\" \/>\t\t\t\t\t\t\t\t\t\t\t\t\t\t\t<\/div>\n\t\t\t\t<\/div>\n\t\t\t\t<div class=\"elementor-element elementor-element-2c146e1 elementor-extension-display-condition-disabled elementor-widget elementor-widget-text-editor\" data-id=\"2c146e1\" data-element_type=\"widget\" data-e-type=\"widget\" data-widget_type=\"text-editor.default\">\n\t\t\t\t<div class=\"elementor-widget-container\">\n\t\t\t\t\t\t\t\t\t<p><strong>J\u00d6RG KICHERER<\/strong> (*1937 in Stuttgart)<\/p><p>\u00a0Kerzenleuchter \u201eIch bin das Licht der Welt\u201c<\/p><p>1997<\/p><p>Stahlplastik<\/p><p>76cm x 23,5cm\u00a0<\/p><p>Der mit Schrott und Alteisen arbeitende K\u00fcnstler ist Absolvent der Staatlichen Kunstakademie, Stuttgart und der Hochschule f\u00fcr Gestaltung, Ulm. Sein zweiter Kerzenleuchter, nach dem St. Michaelsleuchter in der Kapelle, kam 1997 zur Akademie. Sein wohl bekanntestes Werk, nicht zuletzt wegen der damaligen B\u00fcrgerproteste, ist das Holocaust-Mahnmal in Seeshaupt am Starnberger See.<\/p><p>Foto: Martin Miller<\/p>\t\t\t\t\t\t\t\t<\/div>\n\t\t\t\t<\/div>\n\t\t\t\t\t<\/div>\n\t\t\t\t<\/div>\n\t\t\t\t<\/div>","protected":false},"excerpt":{"rendered":"<p>JOHANN HALBIG (*1814 in Donnersdorf, \u20201882 in M\u00fcnchen) L\u00f6we \u201eSwapo\u201c\u00a0 1848 Steinskulptur 280cm, 15t Gewicht \u201eDie Freiheit verteidigen\u2026\u201c Der L\u00f6we stand urspr\u00fcnglich \u00ad\u2013 zusammen mit einem zweiten L\u00f6wen \u2013 vor dem Wittelsbacher Palais an der Ecke Brienner-\/T\u00fcrkenstrasse, der sp\u00e4teren Gestapo-Zentrale. Im Krieg wurde das Geb\u00e4ude zerst\u00f6rt, 1964 abgerissen und an seiner Stelle die Bayerische Landesbank&hellip;<\/p>","protected":false},"author":13,"featured_media":0,"parent":98610,"menu_order":4,"comment_status":"closed","ping_status":"closed","template":"","meta":{"_relevanssi_hide_post":"","_relevanssi_hide_content":"","_relevanssi_pin_for_all":"","_relevanssi_pin_keywords":"","_relevanssi_unpin_keywords":"","_relevanssi_related_keywords":"","_relevanssi_related_include_ids":"","_relevanssi_related_exclude_ids":"","_relevanssi_related_no_append":"","_relevanssi_related_not_related":"","_relevanssi_related_posts":"","_relevanssi_noindex_reason":"","footnotes":""},"class_list":["post-98813","page","type-page","status-publish","hentry"],"yoast_head":"<!-- This site is optimized with the Yoast SEO plugin v27.4 - https:\/\/yoast.com\/product\/yoast-seo-wordpress\/ -->\n<title>Kunst am Eingang - Katholische Akademie in Bayern<\/title>\n<meta name=\"robots\" content=\"index, follow, max-snippet:-1, max-image-preview:large, max-video-preview:-1\" \/>\n<link rel=\"canonical\" href=\"https:\/\/kath-akademie-bayern.de\/en\/akademie\/kunst-in-der-akademie\/kunst-am-eingang\/\" \/>\n<meta property=\"og:locale\" content=\"en_GB\" \/>\n<meta property=\"og:type\" content=\"article\" \/>\n<meta property=\"og:title\" content=\"Kunst am Eingang - Katholische Akademie in Bayern\" \/>\n<meta property=\"og:description\" content=\"JOHANN HALBIG (*1814 in Donnersdorf, \u20201882 in M\u00fcnchen) L\u00f6we \u201eSwapo\u201c\u00a0 1848 Steinskulptur 280cm, 15t Gewicht \u201eDie Freiheit verteidigen\u2026\u201c Der L\u00f6we stand urspr\u00fcnglich \u00ad\u2013 zusammen mit einem zweiten L\u00f6wen \u2013 vor dem Wittelsbacher Palais an der Ecke Brienner-\/T\u00fcrkenstrasse, der sp\u00e4teren Gestapo-Zentrale. Im Krieg wurde das Geb\u00e4ude zerst\u00f6rt, 1964 abgerissen und an seiner Stelle die Bayerische Landesbank&hellip;\" \/>\n<meta property=\"og:url\" content=\"https:\/\/kath-akademie-bayern.de\/en\/akademie\/kunst-in-der-akademie\/kunst-am-eingang\/\" \/>\n<meta property=\"og:site_name\" content=\"Katholische Akademie in Bayern\" \/>\n<meta property=\"article:publisher\" content=\"https:\/\/www.facebook.com\/katholische.akademie.bayern\/\" \/>\n<meta property=\"article:modified_time\" content=\"2025-03-25T14:04:31+00:00\" \/>\n<meta property=\"og:image\" content=\"https:\/\/kath-akademie-bayern.de\/wp-content\/uploads\/Johann-Halbig_Loewe_Swapo.jpg\" \/>\n\t<meta property=\"og:image:width\" content=\"801\" \/>\n\t<meta property=\"og:image:height\" content=\"1001\" \/>\n\t<meta property=\"og:image:type\" content=\"image\/jpeg\" \/>\n<meta name=\"twitter:card\" content=\"summary_large_image\" \/>\n<meta name=\"twitter:label1\" content=\"Estimated reading time\" \/>\n\t<meta name=\"twitter:data1\" content=\"3 minutes\" \/>\n<script type=\"application\/ld+json\" class=\"yoast-schema-graph\">{\"@context\":\"https:\\\/\\\/schema.org\",\"@graph\":[{\"@type\":\"WebPage\",\"@id\":\"https:\\\/\\\/kath-akademie-bayern.de\\\/akademie\\\/kunst-in-der-akademie\\\/kunst-am-eingang\\\/\",\"url\":\"https:\\\/\\\/kath-akademie-bayern.de\\\/akademie\\\/kunst-in-der-akademie\\\/kunst-am-eingang\\\/\",\"name\":\"Kunst am Eingang - Katholische Akademie in Bayern\",\"isPartOf\":{\"@id\":\"https:\\\/\\\/kath-akademie-bayern.de\\\/#website\"},\"primaryImageOfPage\":{\"@id\":\"https:\\\/\\\/kath-akademie-bayern.de\\\/akademie\\\/kunst-in-der-akademie\\\/kunst-am-eingang\\\/#primaryimage\"},\"image\":{\"@id\":\"https:\\\/\\\/kath-akademie-bayern.de\\\/akademie\\\/kunst-in-der-akademie\\\/kunst-am-eingang\\\/#primaryimage\"},\"thumbnailUrl\":\"https:\\\/\\\/kath-akademie-bayern.de\\\/wp-content\\\/uploads\\\/Johann-Halbig_Loewe_Swapo-410x512.jpg\",\"datePublished\":\"2025-01-30T14:05:20+00:00\",\"dateModified\":\"2025-03-25T14:04:31+00:00\",\"breadcrumb\":{\"@id\":\"https:\\\/\\\/kath-akademie-bayern.de\\\/akademie\\\/kunst-in-der-akademie\\\/kunst-am-eingang\\\/#breadcrumb\"},\"inLanguage\":\"en-GB\",\"potentialAction\":[{\"@type\":\"ReadAction\",\"target\":[\"https:\\\/\\\/kath-akademie-bayern.de\\\/akademie\\\/kunst-in-der-akademie\\\/kunst-am-eingang\\\/\"]}]},{\"@type\":\"ImageObject\",\"inLanguage\":\"en-GB\",\"@id\":\"https:\\\/\\\/kath-akademie-bayern.de\\\/akademie\\\/kunst-in-der-akademie\\\/kunst-am-eingang\\\/#primaryimage\",\"url\":\"https:\\\/\\\/kath-akademie-bayern.de\\\/wp-content\\\/uploads\\\/Johann-Halbig_Loewe_Swapo-410x512.jpg\",\"contentUrl\":\"https:\\\/\\\/kath-akademie-bayern.de\\\/wp-content\\\/uploads\\\/Johann-Halbig_Loewe_Swapo-410x512.jpg\"},{\"@type\":\"BreadcrumbList\",\"@id\":\"https:\\\/\\\/kath-akademie-bayern.de\\\/akademie\\\/kunst-in-der-akademie\\\/kunst-am-eingang\\\/#breadcrumb\",\"itemListElement\":[{\"@type\":\"ListItem\",\"position\":1,\"name\":\"Startseite\",\"item\":\"https:\\\/\\\/kath-akademie-bayern.de\\\/\"},{\"@type\":\"ListItem\",\"position\":2,\"name\":\"Akademie\",\"item\":\"https:\\\/\\\/kath-akademie-bayern.de\\\/akademie\\\/\"},{\"@type\":\"ListItem\",\"position\":3,\"name\":\"Kunst in der Akademie\",\"item\":\"https:\\\/\\\/kath-akademie-bayern.de\\\/akademie\\\/kunst-in-der-akademie\\\/\"},{\"@type\":\"ListItem\",\"position\":4,\"name\":\"Kunst am Eingang\"}]},{\"@type\":\"WebSite\",\"@id\":\"https:\\\/\\\/kath-akademie-bayern.de\\\/#website\",\"url\":\"https:\\\/\\\/kath-akademie-bayern.de\\\/\",\"name\":\"Katholische Akademie in Bayern\",\"description\":\"Kirche braucht Debatte: \u201ekatholisch\u201c mit Blick auf das Ganze \u2013 und \u201eakademisch\u201c im Vertrauen auf die Kraft der Argumente\",\"publisher\":{\"@id\":\"https:\\\/\\\/kath-akademie-bayern.de\\\/#organization\"},\"potentialAction\":[{\"@type\":\"SearchAction\",\"target\":{\"@type\":\"EntryPoint\",\"urlTemplate\":\"https:\\\/\\\/kath-akademie-bayern.de\\\/?s={search_term_string}\"},\"query-input\":{\"@type\":\"PropertyValueSpecification\",\"valueRequired\":true,\"valueName\":\"search_term_string\"}}],\"inLanguage\":\"en-GB\"},{\"@type\":\"Organization\",\"@id\":\"https:\\\/\\\/kath-akademie-bayern.de\\\/#organization\",\"name\":\"Katholische Akademie in Bayern\",\"url\":\"https:\\\/\\\/kath-akademie-bayern.de\\\/\",\"logo\":{\"@type\":\"ImageObject\",\"inLanguage\":\"en-GB\",\"@id\":\"https:\\\/\\\/kath-akademie-bayern.de\\\/#\\\/schema\\\/logo\\\/image\\\/\",\"url\":\"https:\\\/\\\/kath-akademie-bayern.de\\\/wp-content\\\/uploads\\\/Menue-Logo-Home@2x.png\",\"contentUrl\":\"https:\\\/\\\/kath-akademie-bayern.de\\\/wp-content\\\/uploads\\\/Menue-Logo-Home@2x.png\",\"width\":496,\"height\":216,\"caption\":\"Katholische Akademie in Bayern\"},\"image\":{\"@id\":\"https:\\\/\\\/kath-akademie-bayern.de\\\/#\\\/schema\\\/logo\\\/image\\\/\"},\"sameAs\":[\"https:\\\/\\\/www.facebook.com\\\/katholische.akademie.bayern\\\/\"]}]}<\/script>\n<!-- \/ Yoast SEO plugin. -->","yoast_head_json":{"title":"Kunst am Eingang - Katholische Akademie in Bayern","robots":{"index":"index","follow":"follow","max-snippet":"max-snippet:-1","max-image-preview":"max-image-preview:large","max-video-preview":"max-video-preview:-1"},"canonical":"https:\/\/kath-akademie-bayern.de\/en\/akademie\/kunst-in-der-akademie\/kunst-am-eingang\/","og_locale":"en_GB","og_type":"article","og_title":"Kunst am Eingang - Katholische Akademie in Bayern","og_description":"JOHANN HALBIG (*1814 in Donnersdorf, \u20201882 in M\u00fcnchen) L\u00f6we \u201eSwapo\u201c\u00a0 1848 Steinskulptur 280cm, 15t Gewicht \u201eDie Freiheit verteidigen\u2026\u201c Der L\u00f6we stand urspr\u00fcnglich \u00ad\u2013 zusammen mit einem zweiten L\u00f6wen \u2013 vor dem Wittelsbacher Palais an der Ecke Brienner-\/T\u00fcrkenstrasse, der sp\u00e4teren Gestapo-Zentrale. Im Krieg wurde das Geb\u00e4ude zerst\u00f6rt, 1964 abgerissen und an seiner Stelle die Bayerische Landesbank&hellip;","og_url":"https:\/\/kath-akademie-bayern.de\/en\/akademie\/kunst-in-der-akademie\/kunst-am-eingang\/","og_site_name":"Katholische Akademie in Bayern","article_publisher":"https:\/\/www.facebook.com\/katholische.akademie.bayern\/","article_modified_time":"2025-03-25T14:04:31+00:00","og_image":[{"width":801,"height":1001,"url":"https:\/\/kath-akademie-bayern.de\/wp-content\/uploads\/Johann-Halbig_Loewe_Swapo.jpg","type":"image\/jpeg"}],"twitter_card":"summary_large_image","twitter_misc":{"Estimated reading time":"3 minutes"},"schema":{"@context":"https:\/\/schema.org","@graph":[{"@type":"WebPage","@id":"https:\/\/kath-akademie-bayern.de\/akademie\/kunst-in-der-akademie\/kunst-am-eingang\/","url":"https:\/\/kath-akademie-bayern.de\/akademie\/kunst-in-der-akademie\/kunst-am-eingang\/","name":"Kunst am Eingang - Katholische Akademie in Bayern","isPartOf":{"@id":"https:\/\/kath-akademie-bayern.de\/#website"},"primaryImageOfPage":{"@id":"https:\/\/kath-akademie-bayern.de\/akademie\/kunst-in-der-akademie\/kunst-am-eingang\/#primaryimage"},"image":{"@id":"https:\/\/kath-akademie-bayern.de\/akademie\/kunst-in-der-akademie\/kunst-am-eingang\/#primaryimage"},"thumbnailUrl":"https:\/\/kath-akademie-bayern.de\/wp-content\/uploads\/Johann-Halbig_Loewe_Swapo-410x512.jpg","datePublished":"2025-01-30T14:05:20+00:00","dateModified":"2025-03-25T14:04:31+00:00","breadcrumb":{"@id":"https:\/\/kath-akademie-bayern.de\/akademie\/kunst-in-der-akademie\/kunst-am-eingang\/#breadcrumb"},"inLanguage":"en-GB","potentialAction":[{"@type":"ReadAction","target":["https:\/\/kath-akademie-bayern.de\/akademie\/kunst-in-der-akademie\/kunst-am-eingang\/"]}]},{"@type":"ImageObject","inLanguage":"en-GB","@id":"https:\/\/kath-akademie-bayern.de\/akademie\/kunst-in-der-akademie\/kunst-am-eingang\/#primaryimage","url":"https:\/\/kath-akademie-bayern.de\/wp-content\/uploads\/Johann-Halbig_Loewe_Swapo-410x512.jpg","contentUrl":"https:\/\/kath-akademie-bayern.de\/wp-content\/uploads\/Johann-Halbig_Loewe_Swapo-410x512.jpg"},{"@type":"BreadcrumbList","@id":"https:\/\/kath-akademie-bayern.de\/akademie\/kunst-in-der-akademie\/kunst-am-eingang\/#breadcrumb","itemListElement":[{"@type":"ListItem","position":1,"name":"Startseite","item":"https:\/\/kath-akademie-bayern.de\/"},{"@type":"ListItem","position":2,"name":"Akademie","item":"https:\/\/kath-akademie-bayern.de\/akademie\/"},{"@type":"ListItem","position":3,"name":"Kunst in der Akademie","item":"https:\/\/kath-akademie-bayern.de\/akademie\/kunst-in-der-akademie\/"},{"@type":"ListItem","position":4,"name":"Kunst am Eingang"}]},{"@type":"WebSite","@id":"https:\/\/kath-akademie-bayern.de\/#website","url":"https:\/\/kath-akademie-bayern.de\/","name":"Catholic Academy in Bavaria","description":"Church needs debate: \"catholic\" looking at the whole - and \"academic\" trusting in the power of arguments","publisher":{"@id":"https:\/\/kath-akademie-bayern.de\/#organization"},"potentialAction":[{"@type":"SearchAction","target":{"@type":"EntryPoint","urlTemplate":"https:\/\/kath-akademie-bayern.de\/?s={search_term_string}"},"query-input":{"@type":"PropertyValueSpecification","valueRequired":true,"valueName":"search_term_string"}}],"inLanguage":"en-GB"},{"@type":"Organization","@id":"https:\/\/kath-akademie-bayern.de\/#organization","name":"Catholic Academy in Bavaria","url":"https:\/\/kath-akademie-bayern.de\/","logo":{"@type":"ImageObject","inLanguage":"en-GB","@id":"https:\/\/kath-akademie-bayern.de\/#\/schema\/logo\/image\/","url":"https:\/\/kath-akademie-bayern.de\/wp-content\/uploads\/Menue-Logo-Home@2x.png","contentUrl":"https:\/\/kath-akademie-bayern.de\/wp-content\/uploads\/Menue-Logo-Home@2x.png","width":496,"height":216,"caption":"Katholische Akademie in Bayern"},"image":{"@id":"https:\/\/kath-akademie-bayern.de\/#\/schema\/logo\/image\/"},"sameAs":["https:\/\/www.facebook.com\/katholische.akademie.bayern\/"]}]}},"_links":{"self":[{"href":"https:\/\/kath-akademie-bayern.de\/en\/wp-json\/wp\/v2\/pages\/98813","targetHints":{"allow":["GET"]}}],"collection":[{"href":"https:\/\/kath-akademie-bayern.de\/en\/wp-json\/wp\/v2\/pages"}],"about":[{"href":"https:\/\/kath-akademie-bayern.de\/en\/wp-json\/wp\/v2\/types\/page"}],"author":[{"embeddable":true,"href":"https:\/\/kath-akademie-bayern.de\/en\/wp-json\/wp\/v2\/users\/13"}],"replies":[{"embeddable":true,"href":"https:\/\/kath-akademie-bayern.de\/en\/wp-json\/wp\/v2\/comments?post=98813"}],"version-history":[{"count":75,"href":"https:\/\/kath-akademie-bayern.de\/en\/wp-json\/wp\/v2\/pages\/98813\/revisions"}],"predecessor-version":[{"id":102900,"href":"https:\/\/kath-akademie-bayern.de\/en\/wp-json\/wp\/v2\/pages\/98813\/revisions\/102900"}],"up":[{"embeddable":true,"href":"https:\/\/kath-akademie-bayern.de\/en\/wp-json\/wp\/v2\/pages\/98610"}],"wp:attachment":[{"href":"https:\/\/kath-akademie-bayern.de\/en\/wp-json\/wp\/v2\/media?parent=98813"}],"curies":[{"name":"wp","href":"https:\/\/api.w.org\/{rel}","templated":true}]}}